{"id":698,"date":"2018-09-26T10:15:34","date_gmt":"2018-09-26T10:15:34","guid":{"rendered":"http:\/\/pont-aurell.com\/politica-de-privacidad\/"},"modified":"2026-02-05T10:34:25","modified_gmt":"2026-02-05T08:34:25","slug":"politica-de-privacidad","status":"publish","type":"page","link":"https:\/\/pont-aurell.com\/fr\/politica-de-privacidad\/","title":{"rendered":"Politique de Privacit\u00e9"},"content":{"rendered":"<p><strong>Responsable<\/strong><\/p>\n<p>Le responsable des donn\u00e9es personnelles que vous nous avez fournies est PONT AURELL Y ARMENGOL, S.L. (Pol.Ind. Can Petit C\/ Font de les canyes, 51 08227 Terrassa)<\/p>\n<p><strong>Finalit\u00e9<\/strong><\/p>\n<p>Les donn\u00e9es personnelles que vous nous avez fournies, n\u00e9cessaires pour fournir les services demand\u00e9s, sont confidentielles et seront utilis\u00e9es uniquement \u00e0 cette fin.<\/p>\n<p><strong>L\u00e9gitimit\u00e9<\/strong><\/p>\n<p>La l\u00e9gitimit\u00e9 du traitement de vos donn\u00e9es est l&rsquo;ex\u00e9cution d&rsquo;un contrat ou \u00a0le consentement de l&rsquo;int\u00e9ress\u00e9, avec une base juridique r\u00e9gie par le Code du commerce et les lois compl\u00e9mentaires ainsi que les lois sp\u00e9cifiques pouvant affecter l&rsquo;activit\u00e9 en particulier.<\/p>\n<p><strong>Droits<\/strong><\/p>\n<p>Pour exercer vos droits d&rsquo;acc\u00e8s, de rectification, d&rsquo;annulation, d&rsquo;opposition, droit \u00e0 la transparence des informations, droit de suppression, de limitation et de portabilit\u00e9, vous pouvez contacter PONT AURELL Y ARMENGOL, S.L. (Pol.Ind. Can Petit C\/ Font de les canyes, 51 08227 Terrassa) En m\u00eame temps, nous vous informons que vous avez le droit d&rsquo;adresser vos r\u00e9clamations aux autorit\u00e9s de contr\u00f4le de la protection des donn\u00e9es.<\/p>\n<p><strong>Information additionnelle<\/strong><\/p>\n<p>PONT AURELL Y ARMENGOL, S.L. s&rsquo;engage \u00e0 ne pas utiliser les informations et les donn\u00e9es personnelles que vous nous avez fournies de mani\u00e8re d\u00e9loyale, ainsi qu&rsquo;\u00e0 maintenir la confidentialit\u00e9 de celles-ci dans toutes les applications qu&rsquo;elles n\u00e9cessitent.<\/p>\n<p>Vos donn\u00e9es seront conserv\u00e9es tant que notre relation commerciale sera maintenue ou pendant les ann\u00e9es n\u00e9cessaires au respect des obligations l\u00e9gales.<\/p>\n<p>PONT AURELL Y ARMENGOL, S.L. a mis en place, en ce qui concerne les documents et le traitement des donn\u00e9es, les mesures de s\u00e9curit\u00e9 correspondantes et les documents requis par les r\u00e9glementations l\u00e9gales en vigueur.<\/p>\n","protected":false},"excerpt":{"rendered":"<p>Responsable Le responsable des donn\u00e9es personnelles que vous nous avez fournies est PONT AURELL Y ARMENGOL, S.L. (Pol.Ind. Can Petit C\/ Font de les canyes, 51 08227 Terrassa) Finalit\u00e9 Les donn\u00e9es personnelles que vous nous avez fournies, n\u00e9cessaires pour fournir les services demand\u00e9s, sont confidentielles et seront utilis\u00e9es uniquement \u00e0 [&hellip;]<\/p>\n","protected":false},"author":3,"featured_media":1220,"parent":0,"menu_order":0,"comment_status":"closed","ping_status":"closed","template":"","meta":{"footnotes":""},"class_list":["post-698","page","type-page","status-publish","has-post-thumbnail","hentry"],"_links":{"self":[{"href":"https:\/\/pont-aurell.com\/fr\/wp-json\/wp\/v2\/pages\/698","targetHints":{"allow":["GET"]}}],"collection":[{"href":"https:\/\/pont-aurell.com\/fr\/wp-json\/wp\/v2\/pages"}],"about":[{"href":"https:\/\/pont-aurell.com\/fr\/wp-json\/wp\/v2\/types\/page"}],"author":[{"embeddable":true,"href":"https:\/\/pont-aurell.com\/fr\/wp-json\/wp\/v2\/users\/3"}],"replies":[{"embeddable":true,"href":"https:\/\/pont-aurell.com\/fr\/wp-json\/wp\/v2\/comments?post=698"}],"version-history":[{"count":3,"href":"https:\/\/pont-aurell.com\/fr\/wp-json\/wp\/v2\/pages\/698\/revisions"}],"predecessor-version":[{"id":2296,"href":"https:\/\/pont-aurell.com\/fr\/wp-json\/wp\/v2\/pages\/698\/revisions\/2296"}],"wp:featuredmedia":[{"embeddable":true,"href":"https:\/\/pont-aurell.com\/fr\/wp-json\/wp\/v2\/media\/1220"}],"wp:attachment":[{"href":"https:\/\/pont-aurell.com\/fr\/wp-json\/wp\/v2\/media?parent=698"}],"curies":[{"name":"wp","href":"https:\/\/api.w.org\/{rel}","templated":true}]}}