{"id":3532,"date":"2026-02-09T11:44:39","date_gmt":"2026-02-09T09:44:39","guid":{"rendered":"https:\/\/pont-aurell.com\/?page_id=3532"},"modified":"2026-02-13T13:33:43","modified_gmt":"2026-02-13T11:33:43","slug":"politique-en-matiere-de-cookies","status":"publish","type":"page","link":"https:\/\/pont-aurell.com\/fr\/politique-en-matiere-de-cookies\/","title":{"rendered":"Politique en mati\u00e8re de cookies"},"content":{"rendered":"\n<p>Ce portail, comme la plupart des portails Internet, utilise des cookies pour am\u00e9liorer l&rsquo;exp\u00e9rience de navigation de l&rsquo;utilisateur. Les cookies personnalisent les services propos\u00e9s par le site web, en offrant \u00e0 chaque utilisateur des informations susceptibles de l&rsquo;int\u00e9resser, en fonction de l&rsquo;utilisation qu&rsquo;il fait de ce portail. Vous trouverez ci-dessous des informations sur ce que sont les cookies, le type de cookies utilis\u00e9s par ce portail, comment d\u00e9sactiver les cookies dans votre navigateur ou comment d\u00e9sactiver sp\u00e9cifiquement l&rsquo;installation de cookies tiers et ce qui se passe si vous les d\u00e9sactivez.<\/p>\n\n\n\n<p><strong>Que sont les cookies ?<\/strong><\/p>\n\n\n\n<p>Les cookies sont de petits fichiers que certaines plateformes, telles que les sites web, peuvent installer sur votre ordinateur, smartphone, tablette ou t\u00e9l\u00e9vision connect\u00e9e lorsque vous y acc\u00e9dez. Leurs fonctions peuvent \u00eatre tr\u00e8s vari\u00e9es : stocker vos pr\u00e9f\u00e9rences de navigation, collecter des informations statistiques, permettre certaines fonctionnalit\u00e9s techniques, stocker et r\u00e9cup\u00e9rer des informations sur les habitudes de navigation ou les pr\u00e9f\u00e9rences d&rsquo;un utilisateur ou de son \u00e9quipement, au point, parfois, en fonction des informations qu&rsquo;ils contiennent et de la mani\u00e8re dont vous utilisez votre \u00e9quipement, de pouvoir le reconna\u00eetre. Un cookie est stock\u00e9 sur un ordinateur afin de personnaliser et de faciliter au maximum la navigation de l&rsquo;utilisateur. Les cookies sont associ\u00e9s uniquement \u00e0 un utilisateur et \u00e0 son ordinateur et ne fournissent pas de r\u00e9f\u00e9rences permettant de d\u00e9duire des donn\u00e9es personnelles de l&rsquo;utilisateur. L&rsquo;utilisateur peut configurer son navigateur pour qu&rsquo;il le notifie ou refuse l&rsquo;installation des cookies envoy\u00e9s par le site web.<\/p>\n\n\n\n<p><strong>Pourquoi sont-ils importants ?<\/strong><\/p>\n\n\n\n<p>Les cookies sont utiles pour plusieurs raisons. D&rsquo;un point de vue technique, ils permettent aux pages web de fonctionner de mani\u00e8re plus agile et adapt\u00e9e aux pr\u00e9f\u00e9rences de l&rsquo;utilisateur, par exemple en enregistrant sa langue ou la devise de son pays. De plus, ils aident les responsables des sites web \u00e0 am\u00e9liorer les services qu&rsquo;ils proposent, gr\u00e2ce aux informations statistiques qu&rsquo;ils collectent \u00e0 travers eux. Enfin, ils permettent de rendre la publicit\u00e9 que nous vous montrons plus efficace, gr\u00e2ce \u00e0 laquelle nous pouvons vous offrir des services gratuits.<\/p>\n\n\n\n<p>Les cookies, en fonction de leur dur\u00e9e de vie, peuvent \u00eatre divis\u00e9s en cookies de session ou permanents. Les premiers expirent lorsque l&rsquo;utilisateur ferme son navigateur. Les seconds expirent lorsque l&rsquo;objectif pour lequel ils ont \u00e9t\u00e9 cr\u00e9\u00e9s est atteint ou lorsqu&rsquo;ils sont supprim\u00e9s manuellement.<\/p>\n\n\n\n<p><strong>Comment utilisons-nous les cookies ?<\/strong><\/p>\n\n\n\n<p>La navigation sur ce site implique l&rsquo;installation des types de cookies suivants :<\/p>\n\n\n\n<p><strong>Cookies d&rsquo;am\u00e9lioration des performances<\/strong><\/p>\n\n\n\n<p>Ce type de cookies conserve vos pr\u00e9f\u00e9rences pour certains outils ou services afin que vous n&rsquo;ayez pas \u00e0 les reconfigurer \u00e0 chaque fois que vous visitez notre site web. Dans certains cas, ils peuvent \u00eatre fournis par des tiers. Voici quelques exemples de ce type de cookies : r\u00e9glage du volume des lecteurs audiovisuels, pr\u00e9f\u00e9rences de classement des articles ou vitesses de lecture vid\u00e9o compatibles. Dans le cas du commerce \u00e9lectronique, ils permettent de conserver des informations sur votre panier d&rsquo;achat.<\/p>\n\n\n\n<p><strong>Cookies d&rsquo;analyse statistique<\/strong><\/p>\n\n\n\n<p>Il s&rsquo;agit de cookies qui, trait\u00e9s par nous ou par des tiers, permettent de quantifier le nombre de visiteurs et d&rsquo;analyser statistiquement l&rsquo;utilisation que font les utilisateurs de nos services. Gr\u00e2ce \u00e0 eux, nous pouvons \u00e9tudier la navigation sur notre site web et ainsi am\u00e9liorer l&rsquo;offre de produits ou de services que nous proposons. Ces cookies ne seront associ\u00e9s \u00e0 aucune donn\u00e9e \u00e0 caract\u00e8re personnel permettant d&rsquo;identifier l&rsquo;utilisateur, fournissant des informations sur le comportement de navigation de mani\u00e8re anonyme.<\/p>\n\n\n\n<p><strong>Cookies de g\u00e9olocalisation<\/strong><\/p>\n\n\n\n<p>Ces cookies sont utilis\u00e9s par des programmes qui tentent de localiser g\u00e9ographiquement l&#8217;emplacement de l&rsquo;ordinateur, du smartphone, de la tablette ou de la t\u00e9l\u00e9vision connect\u00e9e, afin de vous proposer de mani\u00e8re totalement anonyme des contenus et des services plus adapt\u00e9s.<\/p>\n\n\n\n<p><strong>Cookies d&rsquo;enregistrement<\/strong><\/p>\n\n\n\n<p>Lorsque vous vous inscrivez sur notre portail, des cookies sont g\u00e9n\u00e9r\u00e9s pour vous identifier en tant qu&rsquo;utilisateur enregistr\u00e9 et indiquer quand vous vous \u00eates identifi\u00e9 sur le portail. Ces cookies sont utilis\u00e9s pour identifier votre compte utilisateur et les services associ\u00e9s, facilitant ainsi votre navigation. Ces cookies sont conserv\u00e9s tant que vous ne quittez pas votre compte, ne fermez pas votre navigateur ou n&rsquo;\u00e9teignez pas votre appareil. Ces cookies peuvent \u00eatre utilis\u00e9s en combinaison avec des donn\u00e9es analytiques pour identifier individuellement vos pr\u00e9f\u00e9rences sur notre portail.<\/p>\n\n\n\n<p><strong>Cookies publicitaires<\/strong><\/p>\n\n\n\n<p>Il s&rsquo;agit de cookies qui, trait\u00e9s par nous-m\u00eames ou par des tiers, permettent de g\u00e9rer efficacement les espaces publicitaires de notre site web, en adaptant le contenu de la publicit\u00e9 au contenu du service demand\u00e9 ou \u00e0 l&rsquo;utilisation que vous faites de notre site web. Gr\u00e2ce \u00e0 eux, nous pouvons conna\u00eetre vos habitudes de navigation sur Internet et vous montrer des publicit\u00e9s en rapport avec votre profil de navigation.<\/p>\n\n\n\n<p><strong>Autres cookies tiers<\/strong><\/p>\n\n\n\n<p>Certaines de nos pages peuvent installer des cookies tiers qui permettent de g\u00e9rer et d&rsquo;am\u00e9liorer les services qu&rsquo;ils offrent. Les liens vers les r\u00e9seaux sociaux qui permettent de partager nos contenus en sont un exemple.<\/p>\n\n\n\n<p>Notre entreprise utilise Google Analytics, un service d&rsquo;analyse web fourni par Google, Inc., une soci\u00e9t\u00e9 du Delaware dont le si\u00e8ge social est situ\u00e9 au 1600 Amphitheatre Parkway, Mountain View (Californie), CA 94043, \u00c9tats-Unis (\u00ab Google \u00bb). Google Analytics utilise des \u00ab cookies \u00bb, qui sont des fichiers texte plac\u00e9s sur votre ordinateur, pour aider le site web \u00e0 analyser l&rsquo;utilisation du site par ses utilisateurs. Les informations g\u00e9n\u00e9r\u00e9es par les cookies concernant votre utilisation du site web (y compris votre adresse IP) seront directement transmises et stock\u00e9es par Google sur des serveurs situ\u00e9s aux \u00c9tats-Unis. Google utilisera ces informations en notre nom afin de suivre votre utilisation du site web, de compiler des rapports sur l&rsquo;activit\u00e9 du site web et de fournir d&rsquo;autres services li\u00e9s \u00e0 l&rsquo;activit\u00e9 du site web et \u00e0 l&rsquo;utilisation d&rsquo;Internet. Google peut transmettre ces informations \u00e0 des tiers lorsque la loi l&rsquo;exige ou lorsque ces tiers traitent les informations pour le compte de Google. Google n&rsquo;associera votre adresse IP \u00e0 aucune autre donn\u00e9e dont il dispose. Vous pouvez refuser le traitement des donn\u00e9es ou des informations en refusant l&rsquo;utilisation de cookies en s\u00e9lectionnant les param\u00e8tres appropri\u00e9s de votre navigateur. Pour plus d&rsquo;informations, cliquez sur le type de cookies utilis\u00e9s par Google.<\/p>\n\n\n\n<p>http:\/\/www.google.com\/policies\/technologies\/types\/<\/p>\n\n\n\n<p><strong>Comment puis-je configurer mes pr\u00e9f\u00e9rences ?<\/strong><\/p>\n\n\n\n<p>Vous pouvez autoriser, bloquer ou supprimer les cookies install\u00e9s sur votre ordinateur en configurant les options de votre navigateur Internet.<\/p>\n\n\n\n<p>Vous trouverez ci-dessous des liens vers des informations sur la mani\u00e8re d&rsquo;activer vos pr\u00e9f\u00e9rences dans les principaux navigateurs :<\/p>\n\n\n\n<p>Google Chrome<\/p>\n\n\n\n<p>Mozilla Firefox<\/p>\n\n\n\n<p>Internet Explorer<\/p>\n\n\n\n<p>Safari<\/p>\n\n\n\n<p>Safari pour IOS (iPhone, iPad)<\/p>\n\n\n\n<p>Enfin, vous pouvez vous rendre sur le portail Your Online Choices o\u00f9, en plus de trouver des informations utiles, vous pourrez configurer, fournisseur par fournisseur, vos pr\u00e9f\u00e9rences en mati\u00e8re de cookies publicitaires tiers.<\/p>\n\n\n\n<p><strong>Que se passe-t-il si les cookies sont d\u00e9sactiv\u00e9s ?<\/strong><\/p>\n\n\n\n<p>Si vous bloquez ou refusez l&rsquo;installation de cookies, certains services propos\u00e9s par notre site web qui n\u00e9cessitent leur utilisation peuvent \u00eatre d\u00e9sactiv\u00e9s et ne seront donc pas disponibles pour vous. Vous ne pourrez donc pas profiter pleinement de tout ce que nos sites web et applications ont \u00e0 vous offrir. Il est \u00e9galement possible que la qualit\u00e9 de fonctionnement du site web diminue.<\/p>\n\n\n\n<p><strong>Acceptation des cookies<\/strong><\/p>\n\n\n\n<p>Si vous continuez \u00e0 naviguer apr\u00e8s avoir \u00e9t\u00e9 inform\u00e9 de notre politique en mati\u00e8re de cookies, nous consid\u00e9rons que vous acceptez l&rsquo;utilisation de cookies.<\/p>\n\n\n\n<p>Lorsque vous acc\u00e9dez \u00e0 ce site web ou \u00e0 cette application pour la premi\u00e8re fois, une fen\u00eatre s&rsquo;affiche pour vous informer de l&rsquo;utilisation des cookies et vous permettre de consulter cette politique en mati\u00e8re de cookies. Si vous acceptez l&rsquo;utilisation des cookies, continuez \u00e0 naviguer ou cliquez sur un lien, nous consid\u00e9rerons que vous avez accept\u00e9 notre politique en mati\u00e8re de cookies et, par cons\u00e9quent, leur installation sur votre ordinateur ou votre appareil.<\/p>\n\n\n\n<p>Outre l&rsquo;utilisation de nos propres cookies, nous autorisons des tiers \u00e0 installer des cookies et \u00e0 y acc\u00e9der sur votre ordinateur. Le consentement \u00e0 l&rsquo;utilisation des cookies de ces entreprises est li\u00e9 \u00e0 la navigation sur ce site web.<\/p>\n\n\n\n<p><strong>Mises \u00e0 jour de la politique en mati\u00e8re de cookies<\/strong><\/p>\n\n\n\n<p>Notre portail peut modifier cette politique en mati\u00e8re de cookies en fonction des exigences l\u00e9gislatives, r\u00e9glementaires ou dans le but d&rsquo;adapter cette politique aux instructions donn\u00e9es par l&rsquo;Agence espagnole de protection des donn\u00e9es. Il est donc conseill\u00e9 aux utilisateurs de la consulter r\u00e9guli\u00e8rement.<\/p>\n","protected":false},"excerpt":{"rendered":"<p>Ce portail, comme la plupart des portails Internet, utilise des cookies pour am\u00e9liorer l&rsquo;exp\u00e9rience de navigation de l&rsquo;utilisateur. Les cookies personnalisent les services propos\u00e9s par le site web, en offrant \u00e0 chaque utilisateur des informations susceptibles de l&rsquo;int\u00e9resser, en fonction de l&rsquo;utilisation qu&rsquo;il fait de ce portail. Vous trouverez ci-dessous [&hellip;]<\/p>\n","protected":false},"author":3,"featured_media":0,"parent":0,"menu_order":0,"comment_status":"closed","ping_status":"closed","template":"","meta":{"footnotes":""},"class_list":["post-3532","page","type-page","status-publish","hentry"],"_links":{"self":[{"href":"https:\/\/pont-aurell.com\/fr\/wp-json\/wp\/v2\/pages\/3532","targetHints":{"allow":["GET"]}}],"collection":[{"href":"https:\/\/pont-aurell.com\/fr\/wp-json\/wp\/v2\/pages"}],"about":[{"href":"https:\/\/pont-aurell.com\/fr\/wp-json\/wp\/v2\/types\/page"}],"author":[{"embeddable":true,"href":"https:\/\/pont-aurell.com\/fr\/wp-json\/wp\/v2\/users\/3"}],"replies":[{"embeddable":true,"href":"https:\/\/pont-aurell.com\/fr\/wp-json\/wp\/v2\/comments?post=3532"}],"version-history":[{"count":2,"href":"https:\/\/pont-aurell.com\/fr\/wp-json\/wp\/v2\/pages\/3532\/revisions"}],"predecessor-version":[{"id":4070,"href":"https:\/\/pont-aurell.com\/fr\/wp-json\/wp\/v2\/pages\/3532\/revisions\/4070"}],"wp:attachment":[{"href":"https:\/\/pont-aurell.com\/fr\/wp-json\/wp\/v2\/media?parent=3532"}],"curies":[{"name":"wp","href":"https:\/\/api.w.org\/{rel}","templated":true}]}}