{"id":182,"date":"2017-02-08T11:51:34","date_gmt":"2017-02-08T11:51:34","guid":{"rendered":"http:\/\/pont-aurell.com\/instalaciones-2\/"},"modified":"2018-01-31T16:23:10","modified_gmt":"2018-01-31T16:23:10","slug":"installations","status":"publish","type":"page","link":"https:\/\/pont-aurell.com\/fr\/installations\/","title":{"rendered":"INSTALLATIONS"},"content":{"rendered":"<p>[vc_row css=\u00a0\u00bb.vc_custom_1488800758818{padding-right: 4px !important;padding-left: 4px !important;}\u00a0\u00bb][vc_column][vc_wp_text]<\/p>\n<h2 style=\"font-size: 22px; line-height: 1.5;\">NOS INSTALLATIONS<\/h2>\n<p>Le march\u00e9 de Pont, Aurell y Armengol se centre principalement en Europe, et dans une moindre mesure en Asie et Am\u00e9rique du Sud. Les clients de notre soci\u00e9t\u00e9 sont les \u00e9quipementiers de premier rang des constructeurs automobiles.<\/p>\n<p>Inaugur\u00e9es en mars 2002, les nouvelles installations de Pont, Aurell y Armengol ont une surface \u00e9difi\u00e9e de 14000m<sup>2<\/sup> sur un terrain de 21000m<sup>2<\/sup>. Avec ce nouveau site industriel, la soci\u00e9t\u00e9 augmente sa capacit\u00e9 de production \u00e0 23.000.000m<sup>2<\/sup>\/an.[\/vc_wp_text][vc_row_inner css=\u00a0\u00bb.vc_custom_1486636219732{margin-top: 30px !important;margin-bottom: 30px !important;}\u00a0\u00bb][vc_column_inner][vc_single_image image=\u00a0\u00bb391&Prime; img_size=\u00a0\u00bb370X215&Prime; alignment=\u00a0\u00bbcenter\u00a0\u00bb][\/vc_column_inner][\/vc_row_inner][vc_row_inner][vc_column_inner][vc_wp_text]En avril 2005, Pont, Aurell y Armengol ouvre une usine de production \u00e0 Sezimovo \u00dasti, R\u00e9publique Tch\u00e8que, permettant de fournir localement les march\u00e9s en pleine croissance de l\u2019Europe Centrale et de l\u2019Est, et d\u2019augmenter sa capacit\u00e9 de production de 7.000.000m<sup>2<\/sup>\/an.<br \/>\nEn d\u00e9cembre 2014, la croissance du groupe continue, avec l\u2019ouverture d\u2019une nouvelle usine de production dans la Zone Franche de Tanger, Maroc, pour r\u00e9pondre aux besoins du march\u00e9 de l\u2019Afrique du Nord; une ouverture qui permet d\u2019ajouter 5.000.000m<sup>2<\/sup>\/an suppl\u00e9mentaires \u00e0 la capacit\u00e9 de production du groupe.<br \/>\nEnfin, dans une volont\u00e9 de continuer \u00e0 se d\u00e9velopper et \u00e0 se consolider comme groupe, Pont, Aurell y Armengol ouvre finalement en 2016 une quatri\u00e8me usine \u00e0 Aguascalientes, Mexique, avec une capacit\u00e9 de production de 6.000.000m<sup>2<\/sup>\/an, permettant au groupe de s\u2019ouvrir au march\u00e9 automobile de la zone NAFTA.<br \/>\nAu total, les ouvertures de ces diff\u00e9rents sites permettent au groupe de consolider une capacit\u00e9 totale de 41.000.000m<sup>2<\/sup>\/an.<br \/>\nLe d\u00e9veloppement de ces activit\u00e9s est possible gr\u00e2ce \u00e0 une \u00e9quipe hautement qualifi\u00e9e, motiv\u00e9e et impliqu\u00e9e dans le projet de la soci\u00e9t\u00e9.[\/vc_wp_text][\/vc_column_inner][\/vc_row_inner][\/vc_column][\/vc_row]<\/p>\n","protected":false},"excerpt":{"rendered":"<p>[vc_row css=\u00a0\u00bb.vc_custom_1488800758818{padding-right: 4px !important;padding-left: 4px !important;}\u00a0\u00bb][vc_column][vc_wp_text] NOS INSTALLATIONS Le march\u00e9 de Pont, Aurell y Armengol se centre principalement en Europe, et dans une moindre mesure en Asie et Am\u00e9rique du Sud. Les clients de notre soci\u00e9t\u00e9 sont les \u00e9quipementiers de premier rang des constructeurs automobiles. Inaugur\u00e9es en mars 2002, les [&hellip;]<\/p>\n","protected":false},"author":3,"featured_media":1017,"parent":0,"menu_order":0,"comment_status":"closed","ping_status":"closed","template":"","meta":{"footnotes":""},"class_list":["post-182","page","type-page","status-publish","has-post-thumbnail","hentry"],"_links":{"self":[{"href":"https:\/\/pont-aurell.com\/fr\/wp-json\/wp\/v2\/pages\/182","targetHints":{"allow":["GET"]}}],"collection":[{"href":"https:\/\/pont-aurell.com\/fr\/wp-json\/wp\/v2\/pages"}],"about":[{"href":"https:\/\/pont-aurell.com\/fr\/wp-json\/wp\/v2\/types\/page"}],"author":[{"embeddable":true,"href":"https:\/\/pont-aurell.com\/fr\/wp-json\/wp\/v2\/users\/3"}],"replies":[{"embeddable":true,"href":"https:\/\/pont-aurell.com\/fr\/wp-json\/wp\/v2\/comments?post=182"}],"version-history":[{"count":5,"href":"https:\/\/pont-aurell.com\/fr\/wp-json\/wp\/v2\/pages\/182\/revisions"}],"predecessor-version":[{"id":394,"href":"https:\/\/pont-aurell.com\/fr\/wp-json\/wp\/v2\/pages\/182\/revisions\/394"}],"wp:featuredmedia":[{"embeddable":true,"href":"https:\/\/pont-aurell.com\/fr\/wp-json\/wp\/v2\/media\/1017"}],"wp:attachment":[{"href":"https:\/\/pont-aurell.com\/fr\/wp-json\/wp\/v2\/media?parent=182"}],"curies":[{"name":"wp","href":"https:\/\/api.w.org\/{rel}","templated":true}]}}