{"id":2163,"date":"2022-06-21T12:43:48","date_gmt":"2022-06-21T10:43:48","guid":{"rendered":"https:\/\/pont-aurell.com\/?page_id=2163"},"modified":"2026-02-12T11:25:12","modified_gmt":"2026-02-12T09:25:12","slug":"paa-cz","status":"publish","type":"page","link":"https:\/\/pont-aurell.com\/en\/paa-cz\/","title":{"rendered":"PAA CZ"},"content":{"rendered":"\n<div style=\"height:51px\" aria-hidden=\"true\" class=\"wp-block-spacer\"><\/div>\n\n\n<div class=\"wp-block-image\">\n<figure class=\"alignleft size-full is-resized\"><img loading=\"lazy\" decoding=\"async\" width=\"1595\" height=\"897\" src=\"http:\/\/pont-aurell.com\/wp-content\/uploads\/2025\/01\/WhatsApp-Image-2024-07-18-at-08.24.50-3.jpeg\" alt=\"\" class=\"wp-image-2563\" style=\"aspect-ratio:1.768421052631579;width:580px;height:auto\" srcset=\"https:\/\/pont-aurell.com\/wp-content\/uploads\/2025\/01\/WhatsApp-Image-2024-07-18-at-08.24.50-3.jpeg 1595w, https:\/\/pont-aurell.com\/wp-content\/uploads\/2025\/01\/WhatsApp-Image-2024-07-18-at-08.24.50-3-300x169.jpeg 300w, https:\/\/pont-aurell.com\/wp-content\/uploads\/2025\/01\/WhatsApp-Image-2024-07-18-at-08.24.50-3-1024x576.jpeg 1024w, https:\/\/pont-aurell.com\/wp-content\/uploads\/2025\/01\/WhatsApp-Image-2024-07-18-at-08.24.50-3-768x432.jpeg 768w, https:\/\/pont-aurell.com\/wp-content\/uploads\/2025\/01\/WhatsApp-Image-2024-07-18-at-08.24.50-3-1536x864.jpeg 1536w\" sizes=\"auto, (max-width: 1595px) 100vw, 1595px\" \/><\/figure><\/div>\n\n\n<div class=\"wp-block-group is-nowrap is-layout-flex wp-container-core-group-is-layout-1 wp-block-group-is-layout-flex\">\n<div style=\"height:0px;width:0px\" aria-hidden=\"true\" class=\"wp-block-spacer wp-container-content-1\"><\/div>\n\n\n\n<ul class=\"wp-block-list\">\n<li>PAA acquired this subsidiary in 2005.<\/li>\n<\/ul>\n<\/div>\n\n\n\n<p><\/p>\n\n\n\n<div class=\"wp-block-group is-nowrap is-layout-flex wp-container-core-group-is-layout-2 wp-block-group-is-layout-flex\">\n<div style=\"height:0px;width:0px\" aria-hidden=\"true\" class=\"wp-block-spacer wp-container-content-2\"><\/div>\n\n\n\n<ul class=\"wp-block-list\">\n<li>It has a building of 3,000 m2.<\/li>\n<\/ul>\n<\/div>\n\n\n\n<p><\/p>\n\n\n\n<div class=\"wp-block-group is-nowrap is-layout-flex wp-container-core-group-is-layout-3 wp-block-group-is-layout-flex\">\n<div style=\"height:0px;width:0px\" aria-hidden=\"true\" class=\"wp-block-spacer wp-container-content-3\"><\/div>\n\n\n\n<ul class=\"wp-block-list\">\n<li>Located in Liderovice.<\/li>\n<\/ul>\n<\/div>\n\n\n\n<p><\/p>\n\n\n\n<div class=\"wp-block-group is-nowrap is-layout-flex wp-container-core-group-is-layout-4 wp-block-group-is-layout-flex\">\n<div style=\"height:0px;width:0px\" aria-hidden=\"true\" class=\"wp-block-spacer wp-container-content-4\"><\/div>\n\n\n\n<ul class=\"wp-block-list\">\n<li>ISO 9001 and IATF 16949 certified.<\/li>\n<\/ul>\n<\/div>\n\n\n\n<div style=\"height:100px\" aria-hidden=\"true\" class=\"wp-block-spacer\"><\/div>\n\n\n\n<iframe id=\"mapacontexto\" src=\"https:\/\/www.google.com\/maps\/embed?pb=!1m18!1m12!1m3!1d2598.1243128715787!2d14.703887533981238!3d49.368720706520094!2m3!1f0!2f0!3f0!3m2!1i1024!2i768!4f13.1!3m3!1m2!1s0x470cbd72373217a5%3A0x47eeecceb4ce222e!2sPont%20Aurell%20Y%20Armengol%20Cz%20S.r.o.!5e0!3m2!1ses!2ses!4v1655369824811!5m2!1ses!2ses\" width=\"600\" height=\"450\" style=\"border:0;\" allowfullscreen=\"\" loading=\"lazy\" referrerpolicy=\"no-referrer-when-downgrade\"><\/iframe>\n\n\n\n<p id=\"parrafoizquierda\">\n<b>CONTACT INFORMATION<br><\/b><br>\n<img decoding=\"async\" id=\"fotoespana\" src=\"http:\/\/pont-aurell.com\/wp-content\/uploads\/2022\/06\/imagen-4.jpg\" <=\"\" img=\"\"><br>\n Pont, Aurell y Armengol CZ s.r.o.<br>\nLiderovice<br>\n391 37 Chotoviny<br>\nCZECH REPUBLIC<br>\nGPS: 49.474643, 14.653512<br>\n<b><a>contacto@pont-aurell.com<br><\/a><\/b>\nCommercial\/Lenka Pinto Flora<br>\n+420 724 008 327<br>\nHR Specialist\/ Anna Posp\u00ed\u0161ilov\u00e1<br>\n+420 774 151 488<\/p>\n\n\n\n<div style=\"height:100px\" aria-hidden=\"true\" class=\"wp-block-spacer\"><\/div>\n\n\n\n<p>Spole\u010dnost Pont, Aurell y Armengol CZ s.r.o., I\u010c: 27224058, se s\u00eddlem Jakubsk\u00e1 647\/2, 110 00 Praha 1, jako povinn\u00fd subjekt podle z\u00e1kona \u010d. 171\/2023 Sb., o ochran\u011b oznamovatel\u016f (d\u00e1le jen \u201eZOO\u201c), t\u00edmto sd\u011bluje, \u017ee v r\u00e1mci vnit\u0159n\u00edho oznamovac\u00edho syst\u00e9mu povinn\u00e9ho subjektu je oznamovatel opr\u00e1vn\u011bn podat ozn\u00e1men\u00ed podle ZOO, a to p\u00edsemn\u011b, \u00fastn\u011b, p\u0159\u00edpadn\u011b i osobn\u011b k ruk\u00e1m p\u0159\u00edslu\u0161n\u00e9 osoby. D\u00e1le je oznamovatel opr\u00e1vn\u011bn podat ozn\u00e1men\u00ed prost\u0159ednictv\u00edm vn\u011bj\u0161\u00edho oznamovac\u00edho syst\u00e9mu Ministerstvu spravedlnosti \u010cR, a to p\u00edsemn\u011b, \u00fastn\u011b \u010di osobn\u011b v souladu s \u00a716 ZOO. \u00dapln\u00e9 zn\u011bn\u00ed vnit\u0159n\u00edho p\u0159edpisu k ochran\u011b oznamovatel\u016f je k dispozici na vy\u017e\u00e1d\u00e1n\u00ed v person\u00e1ln\u00edm odd\u011blen\u00ed povinn\u00e9ho subjektu.<\/p>\n\n\n\n<p>P\u0159\u00edslu\u0161nou osobou podle \u00a710 ZOO byla ur\u010dena: Anna Posp\u00ed\u0161ilov\u00e1, tel.: +420&nbsp;774&nbsp;151 488, e-mail:&nbsp;<a href=\"mailto:whistleblowing@pontaurell.cz\">whistleblowing@pontaurell.cz<\/a>.<\/p>\n\n\n\n<p>V souladu s \u00a79 odst. 2 p\u00edsm. a) ZOO se vylu\u010duje p\u0159ij\u00edm\u00e1n\u00ed ozn\u00e1men\u00ed od osoby, kter\u00e1 pro povinn\u00fd subjekt nevykon\u00e1v\u00e1 pr\u00e1ci ani jinou obdobnou \u010dinnost.<\/p>\n\n\n\n<div style=\"height:43px\" aria-hidden=\"true\" class=\"wp-block-spacer\"><\/div>\n\n\n\n<div class=\"wp-block-buttons is-content-justification-center is-layout-flex wp-container-core-buttons-is-layout-1 wp-block-buttons-is-layout-flex\">\n<div class=\"wp-block-button\"><a class=\"wp-block-button__link wp-element-button\" href=\"https:\/\/pont-aurell.com\/en\/complaints-channel\/\">COMPLAINTS CHANNEL<\/a><\/div>\n<\/div>\n\n\n\n<div style=\"height:43px\" aria-hidden=\"true\" class=\"wp-block-spacer\"><\/div>\n","protected":false},"excerpt":{"rendered":"<p>CONTACT INFORMATION<\/p>\n","protected":false},"author":3,"featured_media":1549,"parent":0,"menu_order":0,"comment_status":"closed","ping_status":"closed","template":"","meta":{"footnotes":""},"class_list":["post-2163","page","type-page","status-publish","has-post-thumbnail","hentry"],"_links":{"self":[{"href":"https:\/\/pont-aurell.com\/en\/wp-json\/wp\/v2\/pages\/2163","targetHints":{"allow":["GET"]}}],"collection":[{"href":"https:\/\/pont-aurell.com\/en\/wp-json\/wp\/v2\/pages"}],"about":[{"href":"https:\/\/pont-aurell.com\/en\/wp-json\/wp\/v2\/types\/page"}],"author":[{"embeddable":true,"href":"https:\/\/pont-aurell.com\/en\/wp-json\/wp\/v2\/users\/3"}],"replies":[{"embeddable":true,"href":"https:\/\/pont-aurell.com\/en\/wp-json\/wp\/v2\/comments?post=2163"}],"version-history":[{"count":18,"href":"https:\/\/pont-aurell.com\/en\/wp-json\/wp\/v2\/pages\/2163\/revisions"}],"predecessor-version":[{"id":3987,"href":"https:\/\/pont-aurell.com\/en\/wp-json\/wp\/v2\/pages\/2163\/revisions\/3987"}],"wp:featuredmedia":[{"embeddable":true,"href":"https:\/\/pont-aurell.com\/en\/wp-json\/wp\/v2\/media\/1549"}],"wp:attachment":[{"href":"https:\/\/pont-aurell.com\/en\/wp-json\/wp\/v2\/media?parent=2163"}],"curies":[{"name":"wp","href":"https:\/\/api.w.org\/{rel}","templated":true}]}}