{"id":178,"date":"2017-02-08T11:52:59","date_gmt":"2017-02-08T11:52:59","guid":{"rendered":"http:\/\/pont-aurell.com\/contacto-2\/"},"modified":"2022-06-14T12:29:00","modified_gmt":"2022-06-14T10:29:00","slug":"contact","status":"publish","type":"page","link":"https:\/\/pont-aurell.com\/en\/contact\/","title":{"rendered":"CONTACT"},"content":{"rendered":"<h2 style=\"font-size: 22px; line-height: 1.5;\">CONTACT DIRECTLY<\/h2>\n\n<div class=\"wpcf7 no-js\" id=\"wpcf7-f338-o1\" lang=\"es-ES\" dir=\"ltr\" data-wpcf7-id=\"338\">\n<div class=\"screen-reader-response\"><p role=\"status\" aria-live=\"polite\" aria-atomic=\"true\"><\/p> <ul><\/ul><\/div>\n<form action=\"\/en\/wp-json\/wp\/v2\/pages\/178#wpcf7-f338-o1\" method=\"post\" class=\"wpcf7-form init\" aria-label=\"Formulario de contacto\" novalidate=\"novalidate\" data-status=\"init\">\n<fieldset class=\"hidden-fields-container\"><input type=\"hidden\" name=\"_wpcf7\" value=\"338\" \/><input type=\"hidden\" name=\"_wpcf7_version\" value=\"6.1.5\" \/><input type=\"hidden\" name=\"_wpcf7_locale\" value=\"es_ES\" \/><input type=\"hidden\" name=\"_wpcf7_unit_tag\" value=\"wpcf7-f338-o1\" \/><input type=\"hidden\" name=\"_wpcf7_container_post\" value=\"0\" \/><input type=\"hidden\" name=\"_wpcf7_posted_data_hash\" value=\"\" \/><input type=\"hidden\" name=\"_wpcf7_recaptcha_response\" value=\"\" \/>\n<\/fieldset>\n<p class=\"contactName\"> Name<br \/>\n<span class=\"wpcf7-form-control-wrap\" data-name=\"your-name\"><input size=\"40\" maxlength=\"400\" class=\"wpcf7-form-control wpcf7-text wpcf7-validates-as-required\" id=\"formName\" aria-required=\"true\" aria-invalid=\"false\" value=\"\" type=\"text\" name=\"your-name\" \/><\/span>\n<\/p>\n<p class=\"contactEmail\"> Email<br \/>\n<span class=\"wpcf7-form-control-wrap\" data-name=\"your-email\"><input size=\"40\" maxlength=\"400\" class=\"wpcf7-form-control wpcf7-email wpcf7-validates-as-required wpcf7-text wpcf7-validates-as-email\" id=\"formEmail\" aria-required=\"true\" aria-invalid=\"false\" value=\"\" type=\"email\" name=\"your-email\" \/><\/span>\n<\/p>\n<p class=\"contactMessage\"> Message<br \/>\n<span class=\"wpcf7-form-control-wrap\" data-name=\"your-message\"><textarea cols=\"40\" rows=\"10\" maxlength=\"2000\" class=\"wpcf7-form-control wpcf7-textarea\" id=\"formMessage\" aria-invalid=\"false\" name=\"your-message\"><\/textarea><\/span>\n<\/p>\n<p style=\"font-size:11px;\">En relaci\u00f3n al Reglamento General de Protecci\u00f3n de Datos (RGPD), informamos que el responsable de los datos que nos ha proporcionado es PONT AURELL Y ARMENGOL, S.L. La finalidad de la recogida es agilizar nuestra gesti\u00f3n y servicios, con base legal reglamentada seg\u00fan el C\u00f3digo de Comercio y leyes Complementarias. Sus datos son confidenciales y ser\u00e1n utilizados \u00fanicamente para dicha finalidad. Le informamos que mediante la marcaci\u00f3n de las casillas entenderemos que consiente el tratamiento de sus datos para cada una de las finalidades indicadas. Puede ejercer sus derechos de acceso, rectificaci\u00f3n, cancelaci\u00f3n y oposici\u00f3n, dirigi\u00e9ndose a PONT AURELL Y ARMENGOL, S.L. (Pol.Ind. Can Petit C\/ Font de les canyes, 51 08227 Terrassa) Paralelamente, tiene derecho a dirigir sus reclamaciones ante las Autoridades de protecci\u00f3n de datos.\n<\/p>\n<p><span class=\"wpcf7-form-control-wrap\" data-name=\"acceptance-300\"><span class=\"wpcf7-form-control wpcf7-acceptance\"><span class=\"wpcf7-list-item\"><label><input type=\"checkbox\" name=\"acceptance-300\" value=\"1\" aria-invalid=\"false\" \/><span class=\"wpcf7-list-item-label\">I have read and accept the processing of my personal data and the<a href=\"http:\/\/pont-aurell.com\/en\/politica-de-privacidad\/\" target=\"_blank\">Privacy Policy<\/a><\/span><\/label><\/span><\/span><\/span><br \/>\n<span class=\"wpcf7-form-control-wrap\" data-name=\"acceptance-302\"><span class=\"wpcf7-form-control wpcf7-acceptance\"><span class=\"wpcf7-list-item\"><label><input type=\"checkbox\" name=\"acceptance-302\" value=\"1\" aria-invalid=\"false\" \/><span class=\"wpcf7-list-item-label\">I agree to receive promotions and offers<\/span><\/label><\/span><\/span><\/span>\n<\/p>\n<p style=\"width: 25%;\"><input class=\"wpcf7-form-control wpcf7-submit has-spinner\" id=\"button-submit\" type=\"submit\" value=\"Enviar\" \/>\n<\/p><div class=\"wpcf7-response-output\" aria-hidden=\"true\"><\/div>\n<\/form>\n<\/div>\n\n","protected":false},"excerpt":{"rendered":"<p>CONTACT DIRECTLY<\/p>\n","protected":false},"author":3,"featured_media":1075,"parent":0,"menu_order":0,"comment_status":"closed","ping_status":"closed","template":"","meta":{"footnotes":""},"class_list":["post-178","page","type-page","status-publish","has-post-thumbnail","hentry"],"_links":{"self":[{"href":"https:\/\/pont-aurell.com\/en\/wp-json\/wp\/v2\/pages\/178","targetHints":{"allow":["GET"]}}],"collection":[{"href":"https:\/\/pont-aurell.com\/en\/wp-json\/wp\/v2\/pages"}],"about":[{"href":"https:\/\/pont-aurell.com\/en\/wp-json\/wp\/v2\/types\/page"}],"author":[{"embeddable":true,"href":"https:\/\/pont-aurell.com\/en\/wp-json\/wp\/v2\/users\/3"}],"replies":[{"embeddable":true,"href":"https:\/\/pont-aurell.com\/en\/wp-json\/wp\/v2\/comments?post=178"}],"version-history":[{"count":7,"href":"https:\/\/pont-aurell.com\/en\/wp-json\/wp\/v2\/pages\/178\/revisions"}],"predecessor-version":[{"id":1392,"href":"https:\/\/pont-aurell.com\/en\/wp-json\/wp\/v2\/pages\/178\/revisions\/1392"}],"wp:featuredmedia":[{"embeddable":true,"href":"https:\/\/pont-aurell.com\/en\/wp-json\/wp\/v2\/media\/1075"}],"wp:attachment":[{"href":"https:\/\/pont-aurell.com\/en\/wp-json\/wp\/v2\/media?parent=178"}],"curies":[{"name":"wp","href":"https:\/\/api.w.org\/{rel}","templated":true}]}}