{"id":3449,"date":"2026-01-26T12:55:41","date_gmt":"2026-01-26T10:55:41","guid":{"rendered":"https:\/\/pont-aurell.com\/?page_id=3449"},"modified":"2026-04-20T12:28:41","modified_gmt":"2026-04-20T10:28:41","slug":"zacatek","status":"publish","type":"page","link":"https:\/\/pont-aurell.com\/cs\/","title":{"rendered":"ZA\u010c\u00c1TEK"},"content":{"rendered":"\n<h5 class=\"wp-block-heading\"><\/h5>\n\n\n\n<h2 class=\"wp-block-heading has-text-align-center\"><\/h2>\n\n\n\n<div class=\"wp-block-buttons is-layout-flex wp-block-buttons-is-layout-flex\">\n<div class=\"wp-block-button alignleft\"><a class=\"wp-block-button__link wp-element-button\" href=\"https:\/\/pont-aurell.com\/cs\/zasady-ochrany-osobnich-udaju\/\">Ochrana osobn\u00edch \u00fadaj\u016f<\/a><\/div>\n\n\n\n<div class=\"wp-block-button\"><a class=\"wp-block-button__link wp-element-button\" href=\"https:\/\/pont-aurell.com\/cs\/zasady-paa\/\">Politiky PAA<\/a><\/div>\n\n\n\n<div class=\"wp-block-button\"><a class=\"wp-block-button__link wp-element-button\" href=\"https:\/\/pont-aurell.com\/cs\/category\/udrzitelnost\/\">Udr\u017eitelnost<\/a><\/div>\n\n\n\n<div class=\"wp-block-button\"><a class=\"wp-block-button__link wp-element-button\" href=\"https:\/\/pont-aurell.com\/cs\/certifikaty\/\">Certifik\u00e1ty<\/a><\/div>\n<\/div>\n\n\n\n<div class=\"wp-block-group\"><div class=\"wp-block-group__inner-container is-layout-flow wp-block-group-is-layout-flow\">\n<div class=\"wp-block-columns is-layout-flex wp-container-core-columns-is-layout-1 wp-block-columns-is-layout-flex\">\n<div class=\"wp-block-column is-layout-flow wp-block-column-is-layout-flow\" style=\"flex-basis:100%\">\n<div style=\"height:100px\" aria-hidden=\"true\" class=\"wp-block-spacer\"><\/div>\n\n\n\n<figure class=\"wp-block-embed is-type-video is-provider-youtube wp-block-embed-youtube wp-embed-aspect-16-9 wp-has-aspect-ratio\"><div class=\"wp-block-embed__wrapper\">\n<iframe loading=\"lazy\" title=\"PAA 150 years\" width=\"750\" height=\"422\" src=\"https:\/\/www.youtube.com\/embed\/oFkUCvKFhqE?feature=oembed\" frameborder=\"0\" allow=\"accelerometer; autoplay; clipboard-write; encrypted-media; gyroscope; picture-in-picture; web-share\" referrerpolicy=\"strict-origin-when-cross-origin\" allowfullscreen><\/iframe>\n<\/div><\/figure>\n\n\n\n<div class=\"wp-block-group\"><div class=\"wp-block-group__inner-container is-layout-flow wp-block-group-is-layout-flow\">\n<div style=\"height:100px\" aria-hidden=\"true\" class=\"wp-block-spacer\"><\/div>\n\n\n\n<figure class=\"wp-block-image size-large is-resized is-style-rounded\"><img loading=\"lazy\" decoding=\"async\" src=\"http:\/\/pont-aurell.com\/wp-content\/uploads\/2022\/06\/mapamundiWebpgdefinitivo-1536x762-2.jpg\" alt=\"\" usemap=\"#mapamundi\" class=\"wp-image-1156\" width=\"1255\" height=\"622\"> \r\n\r\n<map name=\"mapamundi\">\r\n  <area shape=\"rect\" coords=\"80,200,260,260\" alt=\"Mexico\" href=\"https:\/\/pont-aurell.com\/paa-mex\/\">\r\n  <area shape=\"rect\" coords=\"470,180,260,200\" alt=\"Morocco\" href=\"https:\/\/pont-aurell.com\/paa-ma\/\">\r\n  <area shape=\"rect\" coords=\"480,120,270,155\" alt=\"Espana\" href=\"https:\/\/pont-aurell.com\/paa-es-headquarters\/\">\r\n  <area shape=\"rect\" coords=\"500,40,800,200\" alt=\"Republica checa\" href=\"https:\/\/pont-aurell.com\/paa-cz\/\">\r\n<\/map><\/figure>\n<\/div><\/div>\n<\/div>\n<\/div>\n<\/div><\/div>\n\n\n\n<div style=\"height:100px\" aria-hidden=\"true\" class=\"wp-block-spacer\"><\/div>\n\n\n\n<p><\/p>\n","protected":false},"excerpt":{"rendered":"","protected":false},"author":3,"featured_media":0,"parent":0,"menu_order":0,"comment_status":"closed","ping_status":"closed","template":"","meta":{"footnotes":""},"class_list":["post-3449","page","type-page","status-publish","hentry"],"_links":{"self":[{"href":"https:\/\/pont-aurell.com\/cs\/wp-json\/wp\/v2\/pages\/3449","targetHints":{"allow":["GET"]}}],"collection":[{"href":"https:\/\/pont-aurell.com\/cs\/wp-json\/wp\/v2\/pages"}],"about":[{"href":"https:\/\/pont-aurell.com\/cs\/wp-json\/wp\/v2\/types\/page"}],"author":[{"embeddable":true,"href":"https:\/\/pont-aurell.com\/cs\/wp-json\/wp\/v2\/users\/3"}],"replies":[{"embeddable":true,"href":"https:\/\/pont-aurell.com\/cs\/wp-json\/wp\/v2\/comments?post=3449"}],"version-history":[{"count":2,"href":"https:\/\/pont-aurell.com\/cs\/wp-json\/wp\/v2\/pages\/3449\/revisions"}],"predecessor-version":[{"id":4351,"href":"https:\/\/pont-aurell.com\/cs\/wp-json\/wp\/v2\/pages\/3449\/revisions\/4351"}],"wp:attachment":[{"href":"https:\/\/pont-aurell.com\/cs\/wp-json\/wp\/v2\/media?parent=3449"}],"curies":[{"name":"wp","href":"https:\/\/api.w.org\/{rel}","templated":true}]}}