{"id":3446,"date":"2026-01-26T12:49:57","date_gmt":"2026-01-26T10:49:57","guid":{"rendered":"https:\/\/pont-aurell.com\/?page_id=3446"},"modified":"2026-01-26T12:58:19","modified_gmt":"2026-01-26T10:58:19","slug":"historie","status":"publish","type":"page","link":"https:\/\/pont-aurell.com\/cs\/historie\/","title":{"rendered":"HISTORIE"},"content":{"rendered":"\n<h2 class=\"wp-block-heading\"><\/h2>\n\n\n\n<figure class=\"wp-block-image size-full\"><img loading=\"lazy\" decoding=\"async\" width=\"1024\" height=\"768\" src=\"http:\/\/pont-aurell.com\/wp-content\/uploads\/2025\/10\/image-7.png\" alt=\"\" class=\"wp-image-2928\" srcset=\"https:\/\/pont-aurell.com\/wp-content\/uploads\/2025\/10\/image-7.png 1024w, https:\/\/pont-aurell.com\/wp-content\/uploads\/2025\/10\/image-7-300x225.png 300w, https:\/\/pont-aurell.com\/wp-content\/uploads\/2025\/10\/image-7-768x576.png 768w\" sizes=\"auto, (max-width: 1024px) 100vw, 1024px\" \/><figcaption class=\"wp-element-caption\">Po\u010d\u00e1tky spole\u010dnost\u00ed Pont, Aurell a Armengol sahaj\u00ed do roku 1875, kdy se spole\u010dnost zam\u011b\u0159ila na v\u00fdrobu konven\u010dn\u00edch textiln\u00edch v\u00fdrobk\u016f, pot\u00e9 se p\u0159eorientovala na v\u00fdrobu textili\u00ed pro obuv a nakonec se zam\u011b\u0159ila na automobilov\u00fd pr\u016fmysl.<\/figcaption><\/figure>\n\n\n\n<div style=\"height:56px\" aria-hidden=\"true\" class=\"wp-block-spacer\"><\/div>\n\n\n\n<figure class=\"wp-block-image size-full\"><img loading=\"lazy\" decoding=\"async\" width=\"1024\" height=\"683\" src=\"http:\/\/pont-aurell.com\/wp-content\/uploads\/2025\/10\/image-8.png\" alt=\"\" class=\"wp-image-2932\" srcset=\"https:\/\/pont-aurell.com\/wp-content\/uploads\/2025\/10\/image-8.png 1024w, https:\/\/pont-aurell.com\/wp-content\/uploads\/2025\/10\/image-8-300x200.png 300w, https:\/\/pont-aurell.com\/wp-content\/uploads\/2025\/10\/image-8-768x512.png 768w, https:\/\/pont-aurell.com\/wp-content\/uploads\/2025\/10\/image-8-360x240.png 360w\" sizes=\"auto, (max-width: 1024px) 100vw, 1024px\" \/><figcaption class=\"wp-element-caption\">Dlouh\u00e1 historie spole\u010dnosti PAA v kombinaci s jej\u00edmi hlubok\u00fdmi technologick\u00fdmi znalostmi cel\u00e9ho textiln\u00edho procesu \u010din\u00ed z t\u00e9to spole\u010dnosti ide\u00e1ln\u00edho partnera pro jej\u00ed z\u00e1kazn\u00edky, a to od v\u00fdvoje produktu a\u017e po jeho dod\u00e1n\u00ed.<\/figcaption><\/figure>\n\n\n\n<figure class=\"wp-block-image size-full\"><img loading=\"lazy\" decoding=\"async\" width=\"1024\" height=\"424\" src=\"http:\/\/pont-aurell.com\/wp-content\/uploads\/2025\/10\/image-9.png\" alt=\"\" class=\"wp-image-2936\" srcset=\"https:\/\/pont-aurell.com\/wp-content\/uploads\/2025\/10\/image-9.png 1024w, https:\/\/pont-aurell.com\/wp-content\/uploads\/2025\/10\/image-9-300x124.png 300w, https:\/\/pont-aurell.com\/wp-content\/uploads\/2025\/10\/image-9-768x318.png 768w\" sizes=\"auto, (max-width: 1024px) 100vw, 1024px\" \/><\/figure>\n\n\n\n<div class=\"wp-block-buttons is-layout-flex wp-block-buttons-is-layout-flex\">\n<div class=\"wp-block-button\"><a class=\"wp-block-button__link wp-element-button\" href=\"https:\/\/pont-aurell.com\/cs\/paa-es-sidlo\/\">Zobrazit rostliny<\/a><\/div>\n\n\n\n<div class=\"wp-block-button\"><a class=\"wp-block-button__link wp-element-button\" href=\"https:\/\/pont-aurell.com\/cs\/produkty\/\">Zobrazit produkty<\/a><\/div>\n<\/div>\n\n\n\n<div style=\"height:58px\" aria-hidden=\"true\" class=\"wp-block-spacer\"><\/div>\n","protected":false},"excerpt":{"rendered":"","protected":false},"author":3,"featured_media":3448,"parent":0,"menu_order":0,"comment_status":"closed","ping_status":"closed","template":"","meta":{"footnotes":""},"class_list":["post-3446","page","type-page","status-publish","has-post-thumbnail","hentry"],"_links":{"self":[{"href":"https:\/\/pont-aurell.com\/cs\/wp-json\/wp\/v2\/pages\/3446","targetHints":{"allow":["GET"]}}],"collection":[{"href":"https:\/\/pont-aurell.com\/cs\/wp-json\/wp\/v2\/pages"}],"about":[{"href":"https:\/\/pont-aurell.com\/cs\/wp-json\/wp\/v2\/types\/page"}],"author":[{"embeddable":true,"href":"https:\/\/pont-aurell.com\/cs\/wp-json\/wp\/v2\/users\/3"}],"replies":[{"embeddable":true,"href":"https:\/\/pont-aurell.com\/cs\/wp-json\/wp\/v2\/comments?post=3446"}],"version-history":[{"count":1,"href":"https:\/\/pont-aurell.com\/cs\/wp-json\/wp\/v2\/pages\/3446\/revisions"}],"predecessor-version":[{"id":3447,"href":"https:\/\/pont-aurell.com\/cs\/wp-json\/wp\/v2\/pages\/3446\/revisions\/3447"}],"wp:featuredmedia":[{"embeddable":true,"href":"https:\/\/pont-aurell.com\/cs\/wp-json\/wp\/v2\/media\/3448"}],"wp:attachment":[{"href":"https:\/\/pont-aurell.com\/cs\/wp-json\/wp\/v2\/media?parent=3446"}],"curies":[{"name":"wp","href":"https:\/\/api.w.org\/{rel}","templated":true}]}}