{"id":3443,"date":"2026-01-26T12:59:27","date_gmt":"2026-01-26T10:59:27","guid":{"rendered":"https:\/\/pont-aurell.com\/?page_id=3443"},"modified":"2026-01-26T12:59:27","modified_gmt":"2026-01-26T10:59:27","slug":"technologie","status":"publish","type":"page","link":"https:\/\/pont-aurell.com\/cs\/technologie\/","title":{"rendered":"Technologie"},"content":{"rendered":"\n<h2 class=\"wp-block-heading has-text-align-center\">Na\u0161e \u010dinnost<\/h2>\n\n\n\n<div style=\"height:32px\" aria-hidden=\"true\" class=\"wp-block-spacer\"><\/div>\n\n\n\n<figure class=\"wp-block-image size-full\"><img loading=\"lazy\" decoding=\"async\" width=\"1024\" height=\"768\" src=\"https:\/\/pont-aurell.com\/wp-content\/uploads\/2025\/10\/image-10.png\" alt=\"\" class=\"wp-image-2946\" srcset=\"https:\/\/pont-aurell.com\/wp-content\/uploads\/2025\/10\/image-10.png 1024w, https:\/\/pont-aurell.com\/wp-content\/uploads\/2025\/10\/image-10-300x225.png 300w, https:\/\/pont-aurell.com\/wp-content\/uploads\/2025\/10\/image-10-768x576.png 768w\" sizes=\"auto, (max-width: 1024px) 100vw, 1024px\" \/><figcaption class=\"wp-element-caption\">PAA provozuje v\u00fdrobn\u00ed linky na v\u00fdrobu vpichovan\u00fdch netkan\u00fdch plst\u00ed, kter\u00e9 jsou ur\u010deny k v\u00fdrob\u011b produkt\u016f r\u016fzn\u00fdch jakost\u00ed, p\u0159edev\u0161\u00edm pro automobilov\u00fd pr\u016fmysl. D\u00edky r\u016fzn\u00fdm v\u00fdrobn\u00edm jednotk\u00e1m dosahuje PAA celkov\u00e9 ro\u010dn\u00ed kapacity p\u0159es 40 milion\u016f metr\u016f \u010dtvere\u010dn\u00edch.<\/figcaption><\/figure>\n\n\n\n<p><\/p>\n\n\n\n<p><\/p>\n\n\n\n<figure class=\"wp-block-image size-full\"><img loading=\"lazy\" decoding=\"async\" width=\"1024\" height=\"679\" src=\"https:\/\/pont-aurell.com\/wp-content\/uploads\/2025\/10\/image-11.png\" alt=\"\" class=\"wp-image-2950\" srcset=\"https:\/\/pont-aurell.com\/wp-content\/uploads\/2025\/10\/image-11.png 1024w, https:\/\/pont-aurell.com\/wp-content\/uploads\/2025\/10\/image-11-300x199.png 300w, https:\/\/pont-aurell.com\/wp-content\/uploads\/2025\/10\/image-11-768x509.png 768w, https:\/\/pont-aurell.com\/wp-content\/uploads\/2025\/10\/image-11-360x240.png 360w\" sizes=\"auto, (max-width: 1024px) 100vw, 1024px\" \/><figcaption class=\"wp-element-caption\">Rozmanitost povrchov\u00fdch \u00faprav, kter\u00e9 nab\u00edz\u00ed jej\u00ed za\u0159\u00edzen\u00ed, d\u00e1v\u00e1 spole\u010dnosti vysokou \u00farove\u0148 konkurenceschopnosti, kter\u00e1 ji spolu s vysok\u00fdmi standardy kvality \u0159ad\u00ed mezi \u0161pi\u010dku na sou\u010dasn\u00e9m trhu.<\/figcaption><\/figure>\n\n\n\n<p><\/p>\n\n\n\n<p><\/p>\n\n\n\n<figure class=\"wp-block-image size-full\"><img loading=\"lazy\" decoding=\"async\" width=\"1024\" height=\"768\" src=\"https:\/\/pont-aurell.com\/wp-content\/uploads\/2025\/10\/image-12.png\" alt=\"\" class=\"wp-image-2954\" srcset=\"https:\/\/pont-aurell.com\/wp-content\/uploads\/2025\/10\/image-12.png 1024w, https:\/\/pont-aurell.com\/wp-content\/uploads\/2025\/10\/image-12-300x225.png 300w, https:\/\/pont-aurell.com\/wp-content\/uploads\/2025\/10\/image-12-768x576.png 768w\" sizes=\"auto, (max-width: 1024px) 100vw, 1024px\" \/><figcaption class=\"wp-element-caption\">Pro rozvoj sv\u00fdch aktivit disponuje PAA vysoce kvalifikovan\u00fdm, motivovan\u00fdm a odhodlan\u00fdm t\u00fdmem, kter\u00fd se v\u011bnuje tomuto obchodn\u00edmu projektu.<\/figcaption><\/figure>\n\n\n\n<div style=\"height:43px\" aria-hidden=\"true\" class=\"wp-block-spacer\"><\/div>\n\n\n\n<figure class=\"wp-block-image size-full\"><img loading=\"lazy\" decoding=\"async\" width=\"1024\" height=\"768\" src=\"https:\/\/pont-aurell.com\/wp-content\/uploads\/2025\/10\/image-13.png\" alt=\"\" class=\"wp-image-2958\" srcset=\"https:\/\/pont-aurell.com\/wp-content\/uploads\/2025\/10\/image-13.png 1024w, https:\/\/pont-aurell.com\/wp-content\/uploads\/2025\/10\/image-13-300x225.png 300w, https:\/\/pont-aurell.com\/wp-content\/uploads\/2025\/10\/image-13-768x576.png 768w\" sizes=\"auto, (max-width: 1024px) 100vw, 1024px\" \/><figcaption class=\"wp-element-caption\">V\u00fdrobky vyr\u00e1b\u011bn\u00e9 ve spole\u010dnosti PAA proch\u00e1zej\u00ed p\u0159\u00edsn\u00fdmi kontrolami, aby byla zaji\u0161t\u011bna kvalita po\u017eadovan\u00e1 jej\u00edmi z\u00e1kazn\u00edky. Spole\u010dnost je vybavena nejmodern\u011bj\u0161\u00edm za\u0159\u00edzen\u00edm a neust\u00e1le se p\u0159izp\u016fsobuje kultu\u0159e neust\u00e1l\u00e9ho zlep\u0161ov\u00e1n\u00ed.<\/figcaption><\/figure>\n\n\n\n<div style=\"height:71px\" aria-hidden=\"true\" class=\"wp-block-spacer\"><\/div>\n","protected":false},"excerpt":{"rendered":"<p>Na\u0161e \u010dinnost<\/p>\n","protected":false},"author":3,"featured_media":3445,"parent":0,"menu_order":0,"comment_status":"closed","ping_status":"closed","template":"","meta":{"footnotes":""},"class_list":["post-3443","page","type-page","status-publish","has-post-thumbnail","hentry"],"_links":{"self":[{"href":"https:\/\/pont-aurell.com\/cs\/wp-json\/wp\/v2\/pages\/3443","targetHints":{"allow":["GET"]}}],"collection":[{"href":"https:\/\/pont-aurell.com\/cs\/wp-json\/wp\/v2\/pages"}],"about":[{"href":"https:\/\/pont-aurell.com\/cs\/wp-json\/wp\/v2\/types\/page"}],"author":[{"embeddable":true,"href":"https:\/\/pont-aurell.com\/cs\/wp-json\/wp\/v2\/users\/3"}],"replies":[{"embeddable":true,"href":"https:\/\/pont-aurell.com\/cs\/wp-json\/wp\/v2\/comments?post=3443"}],"version-history":[{"count":1,"href":"https:\/\/pont-aurell.com\/cs\/wp-json\/wp\/v2\/pages\/3443\/revisions"}],"predecessor-version":[{"id":3444,"href":"https:\/\/pont-aurell.com\/cs\/wp-json\/wp\/v2\/pages\/3443\/revisions\/3444"}],"wp:featuredmedia":[{"embeddable":true,"href":"https:\/\/pont-aurell.com\/cs\/wp-json\/wp\/v2\/media\/3445"}],"wp:attachment":[{"href":"https:\/\/pont-aurell.com\/cs\/wp-json\/wp\/v2\/media?parent=3443"}],"curies":[{"name":"wp","href":"https:\/\/api.w.org\/{rel}","templated":true}]}}