{"id":3422,"date":"2026-01-26T12:48:45","date_gmt":"2026-01-26T10:48:45","guid":{"rendered":"https:\/\/pont-aurell.com\/?page_id=3422"},"modified":"2026-01-26T12:48:46","modified_gmt":"2026-01-26T10:48:46","slug":"produkty","status":"publish","type":"page","link":"https:\/\/pont-aurell.com\/cs\/produkty\/","title":{"rendered":"Produkty"},"content":{"rendered":"\n<figure class=\"wp-block-image size-full\"><img loading=\"lazy\" decoding=\"async\" width=\"1024\" height=\"724\" src=\"http:\/\/pont-aurell.com\/wp-content\/uploads\/2025\/10\/image.png\" alt=\"\" class=\"wp-image-2876\" srcset=\"https:\/\/pont-aurell.com\/wp-content\/uploads\/2025\/10\/image.png 1024w, https:\/\/pont-aurell.com\/wp-content\/uploads\/2025\/10\/image-300x212.png 300w, https:\/\/pont-aurell.com\/wp-content\/uploads\/2025\/10\/image-768x543.png 768w\" sizes=\"auto, (max-width: 1024px) 100vw, 1024px\" \/><\/figure>\n\n\n\n<h2 class=\"wp-block-heading has-text-align-center\">V\u00fdrazn\u00fd vzhled<\/h2>\n\n\n\n<p>PAA dod\u00e1v\u00e1 vpichovan\u00e9 netkan\u00e9 textilie v ploch\u00e9m nebo velurov\u00e9m proveden\u00ed v gram\u00e1\u017ei od 150 g\/m\u00b2 do 800 g\/m\u00b2. Na\u0161i z\u00e1kazn\u00edci tyto koberce zpracov\u00e1vaj\u00ed na podlahov\u00e9 krytiny, v\u00fdstelky do bot nebo v\u00fdztuhy sedadel.<\/p>\n\n\n\n<figure class=\"wp-block-gallery has-nested-images columns-default is-cropped wp-block-gallery-1 is-layout-flex wp-block-gallery-is-layout-flex\">\n<figure class=\"wp-block-image size-large is-resized\"><img loading=\"lazy\" decoding=\"async\" width=\"1024\" height=\"1024\" data-id=\"2896\" src=\"http:\/\/pont-aurell.com\/wp-content\/uploads\/2025\/10\/image-1.png\" alt=\"\" class=\"wp-image-2896\" style=\"width:341px;height:auto\" srcset=\"https:\/\/pont-aurell.com\/wp-content\/uploads\/2025\/10\/image-1.png 1024w, https:\/\/pont-aurell.com\/wp-content\/uploads\/2025\/10\/image-1-300x300.png 300w, https:\/\/pont-aurell.com\/wp-content\/uploads\/2025\/10\/image-1-150x150.png 150w, https:\/\/pont-aurell.com\/wp-content\/uploads\/2025\/10\/image-1-768x768.png 768w\" sizes=\"auto, (max-width: 1024px) 100vw, 1024px\" \/><\/figure>\n\n\n\n<figure class=\"wp-block-image size-large\"><img loading=\"lazy\" decoding=\"async\" width=\"1024\" height=\"724\" data-id=\"2900\" src=\"http:\/\/pont-aurell.com\/wp-content\/uploads\/2025\/10\/image-2.png\" alt=\"\" class=\"wp-image-2900\" srcset=\"https:\/\/pont-aurell.com\/wp-content\/uploads\/2025\/10\/image-2.png 1024w, https:\/\/pont-aurell.com\/wp-content\/uploads\/2025\/10\/image-2-300x212.png 300w, https:\/\/pont-aurell.com\/wp-content\/uploads\/2025\/10\/image-2-768x543.png 768w\" sizes=\"auto, (max-width: 1024px) 100vw, 1024px\" \/><\/figure>\n<\/figure>\n\n\n\n<figure class=\"wp-block-gallery has-nested-images columns-default is-cropped wp-block-gallery-2 is-layout-flex wp-block-gallery-is-layout-flex\">\n<figure class=\"wp-block-image size-large is-resized\"><img loading=\"lazy\" decoding=\"async\" width=\"1024\" height=\"725\" data-id=\"2904\" src=\"http:\/\/pont-aurell.com\/wp-content\/uploads\/2025\/10\/image-3.png\" alt=\"\" class=\"wp-image-2904\" style=\"width:404px;height:auto\" srcset=\"https:\/\/pont-aurell.com\/wp-content\/uploads\/2025\/10\/image-3.png 1024w, https:\/\/pont-aurell.com\/wp-content\/uploads\/2025\/10\/image-3-300x212.png 300w, https:\/\/pont-aurell.com\/wp-content\/uploads\/2025\/10\/image-3-768x544.png 768w\" sizes=\"auto, (max-width: 1024px) 100vw, 1024px\" \/><\/figure>\n\n\n\n<figure class=\"wp-block-image size-large\"><img loading=\"lazy\" decoding=\"async\" width=\"1024\" height=\"724\" data-id=\"2908\" src=\"http:\/\/pont-aurell.com\/wp-content\/uploads\/2025\/10\/image-4.png\" alt=\"\" class=\"wp-image-2908\" srcset=\"https:\/\/pont-aurell.com\/wp-content\/uploads\/2025\/10\/image-4.png 1024w, https:\/\/pont-aurell.com\/wp-content\/uploads\/2025\/10\/image-4-300x212.png 300w, https:\/\/pont-aurell.com\/wp-content\/uploads\/2025\/10\/image-4-768x543.png 768w\" sizes=\"auto, (max-width: 1024px) 100vw, 1024px\" \/><\/figure>\n<\/figure>\n\n\n\n<div style=\"height:100px\" aria-hidden=\"true\" class=\"wp-block-spacer\"><\/div>\n\n\n\n<h2 class=\"wp-block-heading has-text-align-center\">Pun\u010d typu plst\u011bn\u00e9ho<\/h2>\n\n\n\n<div style=\"height:45px\" aria-hidden=\"true\" class=\"wp-block-spacer\"><\/div>\n\n\n\n<p>Vyr\u00e1b\u00edme tak\u00e9 mechanicky vpichovan\u00e9 akustick\u00e9 plsti od 200 g\/m\u00b2 do 1800 g\/m\u00b2.<\/p>\n\n\n\n<figure class=\"wp-block-image size-full\"><img loading=\"lazy\" decoding=\"async\" width=\"1024\" height=\"724\" src=\"http:\/\/pont-aurell.com\/wp-content\/uploads\/2025\/10\/image-5.png\" alt=\"\" class=\"wp-image-2913\" srcset=\"https:\/\/pont-aurell.com\/wp-content\/uploads\/2025\/10\/image-5.png 1024w, https:\/\/pont-aurell.com\/wp-content\/uploads\/2025\/10\/image-5-300x212.png 300w, https:\/\/pont-aurell.com\/wp-content\/uploads\/2025\/10\/image-5-768x543.png 768w\" sizes=\"auto, (max-width: 1024px) 100vw, 1024px\" \/><\/figure>\n\n\n\n<h2 class=\"wp-block-heading has-text-align-center\">Povrchov\u00e9 \u00fapravy<\/h2>\n\n\n\n<p>Ke v\u0161em na\u0161im v\u00fdrobk\u016fm m\u016f\u017eeme p\u0159idat tepeln\u011b fixovan\u00e9 povrchov\u00e9 \u00fapravy, latexov\u00fd povlak, pr\u00e1\u0161kov\u00e9 lepidlo, tavitelnou v\u00fdztu\u017e\/laminov\u00e1n\u00ed f\u00f3li\u00ed, silnou pastu, samolepic\u00ed vrstvu atd.<\/p>\n\n\n\n<figure class=\"wp-block-image size-full\"><img loading=\"lazy\" decoding=\"async\" width=\"1024\" height=\"724\" src=\"http:\/\/pont-aurell.com\/wp-content\/uploads\/2025\/10\/image-6.png\" alt=\"\" class=\"wp-image-2917\" srcset=\"https:\/\/pont-aurell.com\/wp-content\/uploads\/2025\/10\/image-6.png 1024w, https:\/\/pont-aurell.com\/wp-content\/uploads\/2025\/10\/image-6-300x212.png 300w, https:\/\/pont-aurell.com\/wp-content\/uploads\/2025\/10\/image-6-768x543.png 768w\" sizes=\"auto, (max-width: 1024px) 100vw, 1024px\" \/><\/figure>\n","protected":false},"excerpt":{"rendered":"<p>V\u00fdrazn\u00fd vzhled PAA dod\u00e1v\u00e1 vpichovan\u00e9 netkan\u00e9 textilie v ploch\u00e9m nebo velurov\u00e9m proveden\u00ed v gram\u00e1\u017ei od 150 g\/m\u00b2 do 800 g\/m\u00b2. Na\u0161i z\u00e1kazn\u00edci tyto koberce zpracov\u00e1vaj\u00ed na podlahov\u00e9 krytiny, v\u00fdstelky do bot nebo v\u00fdztuhy sedadel. Pun\u010d typu plst\u011bn\u00e9ho Vyr\u00e1b\u00edme tak\u00e9 mechanicky vpichovan\u00e9 akustick\u00e9 plsti od 200 g\/m\u00b2 do 1800 g\/m\u00b2. Povrchov\u00e9 [&hellip;]<\/p>\n","protected":false},"author":3,"featured_media":3426,"parent":0,"menu_order":0,"comment_status":"closed","ping_status":"closed","template":"","meta":{"footnotes":""},"class_list":["post-3422","page","type-page","status-publish","has-post-thumbnail","hentry"],"_links":{"self":[{"href":"https:\/\/pont-aurell.com\/cs\/wp-json\/wp\/v2\/pages\/3422","targetHints":{"allow":["GET"]}}],"collection":[{"href":"https:\/\/pont-aurell.com\/cs\/wp-json\/wp\/v2\/pages"}],"about":[{"href":"https:\/\/pont-aurell.com\/cs\/wp-json\/wp\/v2\/types\/page"}],"author":[{"embeddable":true,"href":"https:\/\/pont-aurell.com\/cs\/wp-json\/wp\/v2\/users\/3"}],"replies":[{"embeddable":true,"href":"https:\/\/pont-aurell.com\/cs\/wp-json\/wp\/v2\/comments?post=3422"}],"version-history":[{"count":1,"href":"https:\/\/pont-aurell.com\/cs\/wp-json\/wp\/v2\/pages\/3422\/revisions"}],"predecessor-version":[{"id":3423,"href":"https:\/\/pont-aurell.com\/cs\/wp-json\/wp\/v2\/pages\/3422\/revisions\/3423"}],"wp:featuredmedia":[{"embeddable":true,"href":"https:\/\/pont-aurell.com\/cs\/wp-json\/wp\/v2\/media\/3426"}],"wp:attachment":[{"href":"https:\/\/pont-aurell.com\/cs\/wp-json\/wp\/v2\/media?parent=3422"}],"curies":[{"name":"wp","href":"https:\/\/api.w.org\/{rel}","templated":true}]}}