{"id":3389,"date":"2026-01-26T12:52:26","date_gmt":"2026-01-26T10:52:26","guid":{"rendered":"https:\/\/pont-aurell.com\/?page_id=3389"},"modified":"2026-01-26T12:52:27","modified_gmt":"2026-01-26T10:52:27","slug":"zasady-ochrany-osobnich-udaju","status":"publish","type":"page","link":"https:\/\/pont-aurell.com\/cs\/zasady-ochrany-osobnich-udaju\/","title":{"rendered":"Z\u00e1sady ochrany osobn\u00edch \u00fadaj\u016f"},"content":{"rendered":"\n<p><strong>Spr\u00e1vce \u00fadaj\u016f<\/strong><\/p>\n\n\n\n<p>Spr\u00e1vcem osobn\u00edch \u00fadaj\u016f, kter\u00e9 jste poskytli, je spole\u010dnost PONT AURELL I ARMENGOL, S.L. (Pol.Ind. Can Petit C\/ Font de les canyes, 51 08227 Terrassa)<\/p>\n\n\n\n<p><strong>\u00da\u010del<\/strong><\/p>\n\n\n\n<p>Osobn\u00ed \u00fadaje, kter\u00e9 jste poskytli a kter\u00e9 jsou nezbytn\u00e9 pro poskytov\u00e1n\u00ed po\u017eadovan\u00fdch slu\u017eeb, jsou d\u016fv\u011brn\u00e9 a budou pou\u017eity pouze k tomuto \u00fa\u010delu.<\/p>\n\n\n\n<p><strong>Legitimita<\/strong><\/p>\n\n\n\n<p>Legitimitou pro zpracov\u00e1n\u00ed va\u0161ich \u00fadaj\u016f je pln\u011bn\u00ed smlouvy nebo souhlas subjektu \u00fadaj\u016f na z\u00e1klad\u011b pr\u00e1vn\u00edch p\u0159edpis\u016f upraven\u00fdch obchodn\u00edm z\u00e1kon\u00edkem a jeho dopl\u0148kov\u00fdmi z\u00e1kony, jako\u017e i jak\u00fdchkoli konkr\u00e9tn\u00edch z\u00e1kon\u016f, kter\u00e9 se mohou vztahovat na danou \u010dinnost.<\/p>\n\n\n\n<p><strong>Pr\u00e1va<\/strong><\/p>\n\n\n\n<p>Chcete-li uplatnit sv\u00e1 pr\u00e1va na p\u0159\u00edstup, opravu, zru\u0161en\u00ed, n\u00e1mitku, transparentnost informac\u00ed, v\u00fdmaz, omezen\u00ed a p\u0159enositelnost, m\u016f\u017eete se obr\u00e1tit na spole\u010dnost PONT AURELL I ARMENGOL, S.L. (Pol.Ind. Can Petit, 51 Font de les Canyes Street, 08227 Terrassa). D\u00e1le v\u00e1s informujeme, \u017ee m\u00e1te pr\u00e1vo podat st\u00ed\u017enost u org\u00e1n\u016f dozoru nad ochranou osobn\u00edch \u00fadaj\u016f.<\/p>\n\n\n\n<p><strong>Dal\u0161\u00ed informace<\/strong><\/p>\n\n\n\n<p>Spole\u010dnost PONT AURELL I ARMENGOL, S.L. se zavazuje, \u017ee nebude zneu\u017e\u00edvat informace a osobn\u00ed \u00fadaje, kter\u00e9 jste n\u00e1m poskytli, a \u017ee zachov\u00e1 jejich d\u016fv\u011brnost ve v\u0161ech aplikac\u00edch, kde jsou vy\u017eadov\u00e1ny.<\/p>\n\n\n\n<p>Va\u0161e \u00fadaje budou uchov\u00e1v\u00e1ny po dobu trv\u00e1n\u00ed na\u0161eho obchodn\u00edho vztahu nebo po dobu nezbytnou k pln\u011bn\u00ed z\u00e1konn\u00fdch povinnost\u00ed.<\/p>\n\n\n\n<p>Spole\u010dnost PONT AURELL I ARMENGOL, S.L. zavedla p\u0159\u00edslu\u0161n\u00e1 bezpe\u010dnostn\u00ed opat\u0159en\u00ed a dokumentaci t\u00fdkaj\u00edc\u00ed se dokument\u016f a zpracov\u00e1n\u00ed \u00fadaj\u016f, jak to vy\u017eaduj\u00ed platn\u00e9 pr\u00e1vn\u00ed p\u0159edpisy.<\/p>\n\n\n\n<p><\/p>\n","protected":false},"excerpt":{"rendered":"<p>Spr\u00e1vce \u00fadaj\u016f Spr\u00e1vcem osobn\u00edch \u00fadaj\u016f, kter\u00e9 jste poskytli, je spole\u010dnost PONT AURELL I ARMENGOL, S.L. (Pol.Ind. Can Petit C\/ Font de les canyes, 51 08227 Terrassa) \u00da\u010del Osobn\u00ed \u00fadaje, kter\u00e9 jste poskytli a kter\u00e9 jsou nezbytn\u00e9 pro poskytov\u00e1n\u00ed po\u017eadovan\u00fdch slu\u017eeb, jsou d\u016fv\u011brn\u00e9 a budou pou\u017eity pouze k tomuto \u00fa\u010delu. Legitimita [&hellip;]<\/p>\n","protected":false},"author":3,"featured_media":3391,"parent":0,"menu_order":0,"comment_status":"closed","ping_status":"closed","template":"","meta":{"footnotes":""},"class_list":["post-3389","page","type-page","status-publish","has-post-thumbnail","hentry"],"_links":{"self":[{"href":"https:\/\/pont-aurell.com\/cs\/wp-json\/wp\/v2\/pages\/3389","targetHints":{"allow":["GET"]}}],"collection":[{"href":"https:\/\/pont-aurell.com\/cs\/wp-json\/wp\/v2\/pages"}],"about":[{"href":"https:\/\/pont-aurell.com\/cs\/wp-json\/wp\/v2\/types\/page"}],"author":[{"embeddable":true,"href":"https:\/\/pont-aurell.com\/cs\/wp-json\/wp\/v2\/users\/3"}],"replies":[{"embeddable":true,"href":"https:\/\/pont-aurell.com\/cs\/wp-json\/wp\/v2\/comments?post=3389"}],"version-history":[{"count":1,"href":"https:\/\/pont-aurell.com\/cs\/wp-json\/wp\/v2\/pages\/3389\/revisions"}],"predecessor-version":[{"id":3390,"href":"https:\/\/pont-aurell.com\/cs\/wp-json\/wp\/v2\/pages\/3389\/revisions\/3390"}],"wp:featuredmedia":[{"embeddable":true,"href":"https:\/\/pont-aurell.com\/cs\/wp-json\/wp\/v2\/media\/3391"}],"wp:attachment":[{"href":"https:\/\/pont-aurell.com\/cs\/wp-json\/wp\/v2\/media?parent=3389"}],"curies":[{"name":"wp","href":"https:\/\/api.w.org\/{rel}","templated":true}]}}