{"id":3376,"date":"2026-01-26T12:49:33","date_gmt":"2026-01-26T10:49:33","guid":{"rendered":"https:\/\/pont-aurell.com\/?page_id=3376"},"modified":"2026-02-12T11:38:01","modified_gmt":"2026-02-12T09:38:01","slug":"paa-es-sidlo","status":"publish","type":"page","link":"https:\/\/pont-aurell.com\/cs\/paa-es-sidlo\/","title":{"rendered":"PAA ES \u2013 S\u00cdDLO"},"content":{"rendered":"\n<figure class=\"wp-block-image alignleft size-large is-resized\" id=\"moverimagen\"><img loading=\"lazy\" decoding=\"async\" width=\"1024\" height=\"768\" src=\"https:\/\/pont-aurell.com\/wp-content\/uploads\/2022\/06\/Imagen1-1024x768.jpg\" alt=\"\" class=\"wp-image-1406\" style=\"width:666px;height:498px\" srcset=\"https:\/\/pont-aurell.com\/wp-content\/uploads\/2022\/06\/Imagen1-1024x768.jpg 1024w, https:\/\/pont-aurell.com\/wp-content\/uploads\/2022\/06\/Imagen1-300x225.jpg 300w, https:\/\/pont-aurell.com\/wp-content\/uploads\/2022\/06\/Imagen1-768x576.jpg 768w, https:\/\/pont-aurell.com\/wp-content\/uploads\/2022\/06\/Imagen1.jpg 1104w\" sizes=\"auto, (max-width: 1024px) 100vw, 1024px\" \/><\/figure>\n\n\n\n<ul class=\"wp-block-list\">\n<li>Spole\u010dnost PAA ES otev\u0159ela sv\u00e9 sou\u010dasn\u00e9 prostory v roce 2002.<\/li>\n<\/ul>\n\n\n\n<p><\/p>\n\n\n\n<ul class=\"wp-block-list\">\n<li>M\u00e1 zastav\u011bnou plochu 14 000 m\u00b2.<\/li>\n<\/ul>\n\n\n\n<ul class=\"wp-block-list\">\n<li>Nach\u00e1z\u00ed se v pr\u016fmyslov\u00e9 z\u00f3n\u011b Can Petit (Terrassa).<\/li>\n<\/ul>\n\n\n\n<p><\/p>\n\n\n\n<ul class=\"wp-block-list\">\n<li>Je certifikov\u00e1na podle norem ISO 9001, IATF 16949 a ISO 14001.<\/li>\n<\/ul>\n\n\n\n<div style=\"height:100px\" aria-hidden=\"true\" class=\"wp-block-spacer\"><\/div>\n\n\n\n<iframe id=\"mapacontexto\" src=\"https:\/\/www.google.com\/maps\/embed?pb=!1m18!1m12!1m3!1d2984.3865463114644!2d2.030167015674969!3d41.582519691837916!2m3!1f0!2f0!3f0!3m2!1i1024!2i768!4f13.1!3m3!1m2!1s0x12a4932cc8106a53%3A0x94871b1d5f9a9496!2sPont%20Aurell%20y%20Armengol%20S.L.!5e0!3m2!1ses!2ses!4v1655366053527!5m2!1ses!2ses\" width=\"600\" height=\"450\" style=\"border:0;\" allowfullscreen=\"\" loading=\"lazy\" referrerpolicy=\"no-referrer-when-downgrade\"><\/iframe>\n\n\n\n<p><\/p>\n\n\n\n<p><\/p>\n\n\n\n<p id=\"parrafoizquierda\">\n<b>KONTAKTN\u00cd \u00daDAJE\n<br><\/b><br>\n<img decoding=\"async\" id=\"fotoespana\" src=\"http:\/\/pont-aurell.com\/wp-content\/uploads\/2022\/06\/Imagen3.jpg\" <=\"\" img=\"\"><br>\n Pont, Aurell y Armengol, S.L.<br>\nCam\u00ed Font de les Canyes, 51 <br>\nPol\u00edgono Industrial Can Petit<br>\n08227 TERRASSA<br>\nESPA\u00d1A<br>\nTel. +34 93 784 23 11<br><br>\n<b><a>contacto@pont-aurell.com<br><\/a><\/b>\n\n\n<\/p>\n\n\n\n<div style=\"height:43px\" aria-hidden=\"true\" class=\"wp-block-spacer\"><\/div>\n\n\n\n<div class=\"wp-block-buttons is-content-justification-center is-layout-flex wp-container-core-buttons-is-layout-1 wp-block-buttons-is-layout-flex\">\n<div class=\"wp-block-button\"><a class=\"wp-block-button__link wp-element-button\" href=\"https:\/\/pont-aurell.com\/cs\/kanal-pro-podavani-stiznosti\/\">KAN\u00c1L PRO POD\u00c1V\u00c1N\u00cd ST\u00cd\u017dNOST\u00cd<\/a><\/div>\n<\/div>\n\n\n\n<div style=\"height:43px\" aria-hidden=\"true\" class=\"wp-block-spacer\"><\/div>\n","protected":false},"excerpt":{"rendered":"<p>KONTAKTN\u00cd \u00daDAJE<\/p>\n","protected":false},"author":3,"featured_media":3374,"parent":0,"menu_order":0,"comment_status":"closed","ping_status":"closed","template":"","meta":{"footnotes":""},"class_list":["post-3376","page","type-page","status-publish","has-post-thumbnail","hentry"],"_links":{"self":[{"href":"https:\/\/pont-aurell.com\/cs\/wp-json\/wp\/v2\/pages\/3376","targetHints":{"allow":["GET"]}}],"collection":[{"href":"https:\/\/pont-aurell.com\/cs\/wp-json\/wp\/v2\/pages"}],"about":[{"href":"https:\/\/pont-aurell.com\/cs\/wp-json\/wp\/v2\/types\/page"}],"author":[{"embeddable":true,"href":"https:\/\/pont-aurell.com\/cs\/wp-json\/wp\/v2\/users\/3"}],"replies":[{"embeddable":true,"href":"https:\/\/pont-aurell.com\/cs\/wp-json\/wp\/v2\/comments?post=3376"}],"version-history":[{"count":3,"href":"https:\/\/pont-aurell.com\/cs\/wp-json\/wp\/v2\/pages\/3376\/revisions"}],"predecessor-version":[{"id":3998,"href":"https:\/\/pont-aurell.com\/cs\/wp-json\/wp\/v2\/pages\/3376\/revisions\/3998"}],"wp:featuredmedia":[{"embeddable":true,"href":"https:\/\/pont-aurell.com\/cs\/wp-json\/wp\/v2\/media\/3374"}],"wp:attachment":[{"href":"https:\/\/pont-aurell.com\/cs\/wp-json\/wp\/v2\/media?parent=3376"}],"curies":[{"name":"wp","href":"https:\/\/api.w.org\/{rel}","templated":true}]}}