{"id":3360,"date":"2026-01-26T12:58:43","date_gmt":"2026-01-26T10:58:43","guid":{"rendered":"https:\/\/pont-aurell.com\/?page_id=3360"},"modified":"2026-01-26T12:58:43","modified_gmt":"2026-01-26T10:58:43","slug":"nase-zarizeni","status":"publish","type":"page","link":"https:\/\/pont-aurell.com\/cs\/nase-zarizeni\/","title":{"rendered":"Na\u0161e za\u0159\u00edzen\u00ed"},"content":{"rendered":"<h2 class=\"has-text-align-center wp-block-post-title\">Na\u0161e za\u0159\u00edzen\u00ed<\/h2>\n\n\n<p>Trh spole\u010dnost\u00ed Pont, Aurell a Armengol pokr\u00fdv\u00e1 celou Evropu a p\u0159\u00edle\u017eitostn\u011b tak\u00e9 Asii a Ji\u017en\u00ed Ameriku. Z\u00e1kazn\u00edky spole\u010dnosti jsou dodavatel\u00e9 automobilov\u00fdch v\u00fdrobc\u016f prvn\u00ed \u00farovn\u011b.<\/p>\n\n\n\n<p>Z\u00e1vody spole\u010dnosti Pont, Aurell i Armengol, otev\u0159en\u00e9 v b\u0159eznu 2002, maj\u00ed zastav\u011bnou plochu 14 000 m\u00b2 na pozemku o rozloze 21 000 m\u00b2. D\u00edky tomuto nov\u00e9mu pr\u016fmyslov\u00e9mu z\u00e1vodu spole\u010dnost zvy\u0161uje svou v\u00fdrobn\u00ed kapacitu na 23 000 000 m\u00b2 ro\u010dn\u011b.<\/p>\n\n\n\n<figure class=\"wp-block-image size-full is-resized\"><img loading=\"lazy\" decoding=\"async\" width=\"370\" height=\"215\" src=\"https:\/\/pont-aurell.com\/wp-content\/uploads\/2025\/10\/image-14.png\" alt=\"\" class=\"wp-image-3025\" style=\"width:630px;height:auto\" srcset=\"https:\/\/pont-aurell.com\/wp-content\/uploads\/2025\/10\/image-14.png 370w, https:\/\/pont-aurell.com\/wp-content\/uploads\/2025\/10\/image-14-300x174.png 300w\" sizes=\"auto, (max-width: 370px) 100vw, 370px\" \/><figcaption class=\"wp-element-caption\">Od dubna 2005 m\u00e1 spole\u010dnost Pont, Aurell i Armengol v\u00fdrobn\u00ed z\u00e1vod v \u010cesk\u00e9 republice, v Sezimov\u011b \u00dast\u00ed. Ten p\u0159in\u00e1\u0161\u00ed v\u00fdrobn\u00ed kapacitu 7 000 000 m\u00b2 ro\u010dn\u011b, \u010d\u00edm\u017e otev\u00edr\u00e1 mo\u017enost p\u0159\u00edm\u00fdch dod\u00e1vek na rostouc\u00ed trh st\u0159edn\u00ed a v\u00fdchodn\u00ed Evropy.<br>V prosinci 2014 skupina pokra\u010dovala v r\u016fstu otev\u0159en\u00edm nov\u00e9ho v\u00fdrobn\u00edho z\u00e1vodu v Maroku, v bezceln\u00ed z\u00f3n\u011b Tanger, aby uspokojila pot\u0159eby severoafrick\u00e9ho trhu, \u010d\u00edm\u017e se kapacita skupiny zv\u00fd\u0161ila o dal\u0161\u00edch 5 000 000 m\u00b2 ro\u010dn\u011b.<br>Ve snaze pokra\u010dovat v r\u016fstu a konsolidaci jako skupina otev\u0159ela spole\u010dnost Pont Aurell i Armengol v roce 2016 \u010dtvrt\u00fd z\u00e1vod v mexick\u00e9m m\u011bst\u011b Aguascalientes s v\u00fdrobn\u00ed kapacitou 6 000 000 m\u00b2 ro\u010dn\u011b, co\u017e skupin\u011b umo\u017enilo vstoupit na automobilov\u00fd trh v regionu NAFTA.<br>Otev\u0159en\u00ed t\u011bchto z\u00e1vod\u016f umo\u017e\u0148uje skupin\u011b konsolidovat celkovou kapacitu 41 000 000 m\u00b2\/rok.<br>Rozvoj \u010dinnost\u00ed je podporov\u00e1n vysoce kvalifikovan\u00fdm, motivovan\u00fdm a oddan\u00fdm t\u00fdmem lid\u00ed, kte\u0159\u00ed se v\u011bnuj\u00ed tomuto obchodn\u00edmu projektu.<\/figcaption><\/figure>\n","protected":false},"excerpt":{"rendered":"<p>Trh spole\u010dnost\u00ed Pont, Aurell a Armengol pokr\u00fdv\u00e1 celou Evropu a p\u0159\u00edle\u017eitostn\u011b tak\u00e9 Asii a Ji\u017en\u00ed Ameriku. Z\u00e1kazn\u00edky spole\u010dnosti jsou dodavatel\u00e9 automobilov\u00fdch v\u00fdrobc\u016f prvn\u00ed \u00farovn\u011b. Z\u00e1vody spole\u010dnosti Pont, Aurell i Armengol, otev\u0159en\u00e9 v b\u0159eznu 2002, maj\u00ed zastav\u011bnou plochu 14 000 m\u00b2 na pozemku o rozloze 21 000 m\u00b2. D\u00edky tomuto nov\u00e9mu [&hellip;]<\/p>\n","protected":false},"author":3,"featured_media":3363,"parent":0,"menu_order":0,"comment_status":"closed","ping_status":"closed","template":"","meta":{"footnotes":""},"class_list":["post-3360","page","type-page","status-publish","has-post-thumbnail","hentry"],"_links":{"self":[{"href":"https:\/\/pont-aurell.com\/cs\/wp-json\/wp\/v2\/pages\/3360","targetHints":{"allow":["GET"]}}],"collection":[{"href":"https:\/\/pont-aurell.com\/cs\/wp-json\/wp\/v2\/pages"}],"about":[{"href":"https:\/\/pont-aurell.com\/cs\/wp-json\/wp\/v2\/types\/page"}],"author":[{"embeddable":true,"href":"https:\/\/pont-aurell.com\/cs\/wp-json\/wp\/v2\/users\/3"}],"replies":[{"embeddable":true,"href":"https:\/\/pont-aurell.com\/cs\/wp-json\/wp\/v2\/comments?post=3360"}],"version-history":[{"count":1,"href":"https:\/\/pont-aurell.com\/cs\/wp-json\/wp\/v2\/pages\/3360\/revisions"}],"predecessor-version":[{"id":3362,"href":"https:\/\/pont-aurell.com\/cs\/wp-json\/wp\/v2\/pages\/3360\/revisions\/3362"}],"wp:featuredmedia":[{"embeddable":true,"href":"https:\/\/pont-aurell.com\/cs\/wp-json\/wp\/v2\/media\/3363"}],"wp:attachment":[{"href":"https:\/\/pont-aurell.com\/cs\/wp-json\/wp\/v2\/media?parent=3360"}],"curies":[{"name":"wp","href":"https:\/\/api.w.org\/{rel}","templated":true}]}}