{"id":3354,"date":"2026-01-26T12:58:29","date_gmt":"2026-01-26T10:58:29","guid":{"rendered":"https:\/\/pont-aurell.com\/?page_id=3354"},"modified":"2026-02-05T10:49:04","modified_gmt":"2026-02-05T08:49:04","slug":"kontaktujte-primo","status":"publish","type":"page","link":"https:\/\/pont-aurell.com\/cs\/kontaktujte-primo\/","title":{"rendered":"Kontaktujte p\u0159\u00edmo"},"content":{"rendered":"\n<div style=\"width: 100%\"><iframe width=\"100%\" height=\"400\" frameborder=\"0\" scrolling=\"no\" marginheight=\"0\" marginwidth=\"0\" src=\"https:\/\/www.google.com\/maps\/embed?pb=!1m18!1m12!1m3!1d2984.386546311465!2d2.030167015731198!3d41.58251969183791!2m3!1f0!2f0!3f0!3m2!1i1024!2i768!4f13.1!3m3!1m2!1s0x12a4932cc8106a53%3A0x94871b1d5f9a9496!2sPont%20Aurell%20y%20Armengol%20S.L.!5e0!3m2!1ses!2ses!4v1651651903157!5m2!1ses!2ses\" width=\"600\" height=\"450\" style=\"border:0;\" allowfullscreen=\"\" loading=\"lazy\" referrerpolicy=\"no-referrer-when-downgrade\"><\/iframe>\n<\/div>\n\n\n<h2 class=\"wp-block-post-title\">Kontaktujte p\u0159\u00edmo<\/h2>\n\n\n<div class=\"wpcf7 no-js\" id=\"wpcf7-f3514-o1\" lang=\"es-ES\" dir=\"ltr\" data-wpcf7-id=\"3514\">\n<div class=\"screen-reader-response\"><p role=\"status\" aria-live=\"polite\" aria-atomic=\"true\"><\/p> <ul><\/ul><\/div>\n<form action=\"\/cs\/wp-json\/wp\/v2\/pages\/3354#wpcf7-f3514-o1\" method=\"post\" class=\"wpcf7-form init\" aria-label=\"Formulario de contacto\" novalidate=\"novalidate\" data-status=\"init\">\n<fieldset class=\"hidden-fields-container\"><input type=\"hidden\" name=\"_wpcf7\" value=\"3514\" \/><input type=\"hidden\" name=\"_wpcf7_version\" value=\"6.1.5\" \/><input type=\"hidden\" name=\"_wpcf7_locale\" value=\"es_ES\" \/><input type=\"hidden\" name=\"_wpcf7_unit_tag\" value=\"wpcf7-f3514-o1\" \/><input type=\"hidden\" name=\"_wpcf7_container_post\" value=\"0\" \/><input type=\"hidden\" name=\"_wpcf7_posted_data_hash\" value=\"\" \/><input type=\"hidden\" name=\"_wpcf7_recaptcha_response\" value=\"\" \/>\n<\/fieldset>\n<p class=\"contactName\"> Jm\u00e9no<br \/>\n<span class=\"wpcf7-form-control-wrap\" data-name=\"your-name\"><input size=\"40\" maxlength=\"400\" class=\"wpcf7-form-control wpcf7-text wpcf7-validates-as-required\" id=\"formName\" aria-required=\"true\" aria-invalid=\"false\" value=\"\" type=\"text\" name=\"your-name\" \/><\/span>\n<\/p>\n<p class=\"contactEmail\"> E-mail<br \/>\n<span class=\"wpcf7-form-control-wrap\" data-name=\"your-email\"><input size=\"40\" maxlength=\"400\" class=\"wpcf7-form-control wpcf7-email wpcf7-validates-as-required wpcf7-text wpcf7-validates-as-email\" id=\"formEmail\" aria-required=\"true\" aria-invalid=\"false\" value=\"\" type=\"email\" name=\"your-email\" \/><\/span>\n<\/p>\n<p class=\"contactMessage\"> Zpr\u00e1va<br \/>\n<span class=\"wpcf7-form-control-wrap\" data-name=\"your-message\"><textarea cols=\"40\" rows=\"10\" maxlength=\"2000\" class=\"wpcf7-form-control wpcf7-textarea\" id=\"formMessage\" aria-invalid=\"false\" name=\"your-message\"><\/textarea><\/span>\n<\/p>\n<p style=\"font-size:11px;\">V souvislosti s Obecn\u00fdm na\u0159\u00edzen\u00edm o ochran\u011b osobn\u00edch \u00fadaj\u016f (GDPR) v\u00e1s informujeme, \u017ee za \u00fadaje, kter\u00e9 jste n\u00e1m poskytli, odpov\u00edd\u00e1 spole\u010dnost PONT AURELL Y ARMENGOL, S.L. \u00da\u010delem shroma\u017e\u010fov\u00e1n\u00ed \u00fadaj\u016f je zefektivn\u011bn\u00ed na\u0161eho \u0159\u00edzen\u00ed a slu\u017eeb, p\u0159i\u010dem\u017e pr\u00e1vn\u00ed z\u00e1klad je upraven Obchodn\u00edm z\u00e1kon\u00edkem a dopl\u0148kov\u00fdmi z\u00e1kony. Va\u0161e \u00fadaje jsou d\u016fv\u011brn\u00e9 a budou pou\u017eity v\u00fdhradn\u011b k tomuto \u00fa\u010delu. Upozor\u0148ujeme, \u017ee za\u0161krtnut\u00edm pol\u00ed\u010dek vyjad\u0159ujete souhlas se zpracov\u00e1n\u00edm sv\u00fdch \u00fadaj\u016f pro ka\u017ed\u00fd z uveden\u00fdch \u00fa\u010del\u016f. Sv\u00e1 pr\u00e1va na p\u0159\u00edstup, opravu, zru\u0161en\u00ed a n\u00e1mitku m\u016f\u017eete uplatnit u spole\u010dnosti PONT AURELL Y ARMENGOL, S.L. (Pol.Ind. Can Petit C\/ Font de les canyes, 51 08227 Terrassa). Sou\u010dasn\u011b m\u00e1te pr\u00e1vo podat st\u00ed\u017enost u org\u00e1n\u016f pro ochranu osobn\u00edch \u00fadaj\u016f.\n<\/p>\n<p><span class=\"wpcf7-form-control-wrap\" data-name=\"acceptance-300\"><span class=\"wpcf7-form-control wpcf7-acceptance\"><span class=\"wpcf7-list-item\"><label><input type=\"checkbox\" name=\"acceptance-300\" value=\"1\" aria-invalid=\"false\" \/><span class=\"wpcf7-list-item-label\">P\u0159e\u010detl jsem si a souhlas\u00edm se zpracov\u00e1n\u00edm sv\u00fdch osobn\u00edch \u00fadaj\u016f a<a href=\"https:\/\/pont-aurell.com\/cs\/zasady-ochrany-osobnich-udaju\/\" target=\"_blank\">Z\u00e1sady ochrany osobn\u00edch \u00fadaj\u016f<\/a><\/span><\/label><\/span><\/span><\/span><br \/>\n<span class=\"wpcf7-form-control-wrap\" data-name=\"acceptance-302\"><span class=\"wpcf7-form-control wpcf7-acceptance\"><span class=\"wpcf7-list-item\"><label><input type=\"checkbox\" name=\"acceptance-302\" value=\"1\" aria-invalid=\"false\" \/><span class=\"wpcf7-list-item-label\">Souhlas\u00edm se zas\u00edl\u00e1n\u00edm propaga\u010dn\u00edch materi\u00e1l\u016f a nab\u00eddek.<\/span><\/label><\/span><\/span><\/span>\n<\/p>\n<p style=\"width: 25%;\"><input class=\"wpcf7-form-control wpcf7-submit has-spinner\" id=\"button-submit\" type=\"submit\" value=\"Enviar\" \/>\n<\/p><div class=\"wpcf7-response-output\" aria-hidden=\"true\"><\/div>\n<\/form>\n<\/div>\n\n","protected":false},"excerpt":{"rendered":"","protected":false},"author":3,"featured_media":3357,"parent":0,"menu_order":0,"comment_status":"closed","ping_status":"closed","template":"","meta":{"footnotes":""},"class_list":["post-3354","page","type-page","status-publish","has-post-thumbnail","hentry"],"_links":{"self":[{"href":"https:\/\/pont-aurell.com\/cs\/wp-json\/wp\/v2\/pages\/3354","targetHints":{"allow":["GET"]}}],"collection":[{"href":"https:\/\/pont-aurell.com\/cs\/wp-json\/wp\/v2\/pages"}],"about":[{"href":"https:\/\/pont-aurell.com\/cs\/wp-json\/wp\/v2\/types\/page"}],"author":[{"embeddable":true,"href":"https:\/\/pont-aurell.com\/cs\/wp-json\/wp\/v2\/users\/3"}],"replies":[{"embeddable":true,"href":"https:\/\/pont-aurell.com\/cs\/wp-json\/wp\/v2\/comments?post=3354"}],"version-history":[{"count":3,"href":"https:\/\/pont-aurell.com\/cs\/wp-json\/wp\/v2\/pages\/3354\/revisions"}],"predecessor-version":[{"id":3515,"href":"https:\/\/pont-aurell.com\/cs\/wp-json\/wp\/v2\/pages\/3354\/revisions\/3515"}],"wp:featuredmedia":[{"embeddable":true,"href":"https:\/\/pont-aurell.com\/cs\/wp-json\/wp\/v2\/media\/3357"}],"wp:attachment":[{"href":"https:\/\/pont-aurell.com\/cs\/wp-json\/wp\/v2\/media?parent=3354"}],"curies":[{"name":"wp","href":"https:\/\/api.w.org\/{rel}","templated":true}]}}