{"id":3627,"date":"2026-02-10T12:49:33","date_gmt":"2026-02-10T10:49:33","guid":{"rendered":"https:\/\/pont-aurell.com\/?page_id=3627"},"modified":"2026-02-10T12:49:34","modified_gmt":"2026-02-10T10:49:34","slug":"canal-de-denuncies","status":"publish","type":"page","link":"https:\/\/pont-aurell.com\/ca\/canal-de-denuncies\/","title":{"rendered":"Canal de den\u00fancies"},"content":{"rendered":"\n<p><strong>Sede d&#8217;Espanya:<\/strong><\/p>\n\n\n\n<p><a href=\"https:\/\/vtlive.visualtime.net\/DEX\/68ce6fef-145d-4ab8-a22a-33c6915f1dac\">https:\/\/vtlive.visualtime.net\/DEX\/68ce6fef-145d-4ab8-a22a-33c6915f1dac<\/a><\/p>\n\n\n\n<div style=\"height:64px\" aria-hidden=\"true\" class=\"wp-block-spacer\"><\/div>\n\n\n\n<p><strong>Sede a la Rep\u00fablica Txeca:<\/strong><\/p>\n\n\n\n<p>Spole\u010dnost Pont, Aurell y Armengol CZ s.r.o., I\u010c: 27224058, se s\u00eddlem Jakubsk\u00e1 647\/2, 110 00 Praha 1, jako povinn\u00fd subjekt podle z\u00e1kona \u010d. 171\/2023 Sb., o ochran\u011b oznamovatel\u016f (d\u00e1le jen \u201eZOO\u201c), t\u00edmto sd\u011bluje, \u017ee v r\u00e1mci vnit\u0159n\u00edho oznamovac\u00edho syst\u00e9mu povinn\u00e9ho subjektu je oznamovatel opr\u00e1vn\u011bn podat ozn\u00e1men\u00ed podle ZOO, a to p\u00edsemn\u011b, \u00fastn\u011b, p\u0159\u00edpadn\u011b i osobn\u011b k ruk\u00e1m p\u0159\u00edslu\u0161n\u00e9 osoby. D\u00e1le je oznamovatel opr\u00e1vn\u011bn podat ozn\u00e1men\u00ed prost\u0159ednictv\u00edm vn\u011bj\u0161\u00edho oznamovac\u00edho syst\u00e9mu Ministerstvu spravedlnosti \u010cR, a to p\u00edsemn\u011b, \u00fastn\u011b \u010di osobn\u011b v souladu s \u00a716 ZOO. \u00dapln\u00e9 zn\u011bn\u00ed vnit\u0159n\u00edho p\u0159edpisu k ochran\u011b oznamovatel\u016f je k dispozici na vy\u017e\u00e1d\u00e1n\u00ed v person\u00e1ln\u00edm odd\u011blen\u00ed povinn\u00e9ho subjektu.<\/p>\n\n\n\n<p>P\u0159\u00edslu\u0161nou osobou podle \u00a710 ZOO byla ur\u010dena: Anna Posp\u00ed\u0161ilov\u00e1, tel.: +420&nbsp;774&nbsp;151 488, e-mail:&nbsp;<a href=\"mailto:whistleblowing@pontaurell.cz\">whistleblowing@pontaurell.cz<\/a>.<\/p>\n\n\n\n<p>V souladu s \u00a79 odst. 2 p\u00edsm. a) ZOO se vylu\u010duje p\u0159ij\u00edm\u00e1n\u00ed ozn\u00e1men\u00ed od osoby, kter\u00e1 pro povinn\u00fd subjekt nevykon\u00e1v\u00e1 pr\u00e1ci ani jinou obdobnou \u010dinnost.<\/p>\n\n\n\n<div style=\"height:64px\" aria-hidden=\"true\" class=\"wp-block-spacer\"><\/div>\n\n\n\n<div data-wp-interactive=\"core\/file\" class=\"wp-block-file\"><object data-wp-bind--hidden=\"!state.hasPdfPreview\" hidden class=\"wp-block-file__embed\" data=\"https:\/\/pont-aurell.com\/wp-content\/uploads\/2026\/02\/Vnitrni-predpis_Whistleblowing.pdf\" type=\"application\/pdf\" style=\"width:100%;height:600px\" aria-label=\"Embed of Vnit\u0159n\u00ed p\u0159edpis_Whistleblowing.\"><\/object><a id=\"wp-block-file--media-6b6460ae-462e-4351-93ad-af0308b47c3f\" href=\"https:\/\/pont-aurell.com\/wp-content\/uploads\/2026\/02\/Vnitrni-predpis_Whistleblowing.pdf\">Vnit\u0159n\u00ed p\u0159edpis_Whistleblowing<\/a><a href=\"https:\/\/pont-aurell.com\/wp-content\/uploads\/2026\/02\/Vnitrni-predpis_Whistleblowing.pdf\" class=\"wp-block-file__button wp-element-button\" download aria-describedby=\"wp-block-file--media-6b6460ae-462e-4351-93ad-af0308b47c3f\">Descarga<\/a><\/div>\n","protected":false},"excerpt":{"rendered":"<p>Sede d&#8217;Espanya: https:\/\/vtlive.visualtime.net\/DEX\/68ce6fef-145d-4ab8-a22a-33c6915f1dac Sede a la Rep\u00fablica Txeca: Spole\u010dnost Pont, Aurell y Armengol CZ s.r.o., I\u010c: 27224058, se s\u00eddlem Jakubsk\u00e1 647\/2, 110 00 Praha 1, jako povinn\u00fd subjekt podle z\u00e1kona \u010d. 171\/2023 Sb., o ochran\u011b oznamovatel\u016f (d\u00e1le jen \u201eZOO\u201c), t\u00edmto sd\u011bluje, \u017ee v r\u00e1mci vnit\u0159n\u00edho oznamovac\u00edho syst\u00e9mu povinn\u00e9ho subjektu je [&hellip;]<\/p>\n","protected":false},"author":3,"featured_media":3048,"parent":0,"menu_order":0,"comment_status":"closed","ping_status":"closed","template":"","meta":{"footnotes":""},"class_list":["post-3627","page","type-page","status-publish","has-post-thumbnail","hentry"],"_links":{"self":[{"href":"https:\/\/pont-aurell.com\/ca\/wp-json\/wp\/v2\/pages\/3627","targetHints":{"allow":["GET"]}}],"collection":[{"href":"https:\/\/pont-aurell.com\/ca\/wp-json\/wp\/v2\/pages"}],"about":[{"href":"https:\/\/pont-aurell.com\/ca\/wp-json\/wp\/v2\/types\/page"}],"author":[{"embeddable":true,"href":"https:\/\/pont-aurell.com\/ca\/wp-json\/wp\/v2\/users\/3"}],"replies":[{"embeddable":true,"href":"https:\/\/pont-aurell.com\/ca\/wp-json\/wp\/v2\/comments?post=3627"}],"version-history":[{"count":1,"href":"https:\/\/pont-aurell.com\/ca\/wp-json\/wp\/v2\/pages\/3627\/revisions"}],"predecessor-version":[{"id":3630,"href":"https:\/\/pont-aurell.com\/ca\/wp-json\/wp\/v2\/pages\/3627\/revisions\/3630"}],"wp:featuredmedia":[{"embeddable":true,"href":"https:\/\/pont-aurell.com\/ca\/wp-json\/wp\/v2\/media\/3048"}],"wp:attachment":[{"href":"https:\/\/pont-aurell.com\/ca\/wp-json\/wp\/v2\/media?parent=3627"}],"curies":[{"name":"wp","href":"https:\/\/api.w.org\/{rel}","templated":true}]}}