{"id":3526,"date":"2026-02-09T11:43:38","date_gmt":"2026-02-09T09:43:38","guid":{"rendered":"https:\/\/pont-aurell.com\/?page_id=3526"},"modified":"2026-02-13T13:31:38","modified_gmt":"2026-02-13T11:31:38","slug":"politica-de-galetes","status":"publish","type":"page","link":"https:\/\/pont-aurell.com\/ca\/politica-de-galetes\/","title":{"rendered":"Pol\u00edtica de galetes"},"content":{"rendered":"\n<p>Aquest lloc web, com la majoria de llocs web d&#8217;Internet, utilitza galetes per millorar l&#8217;experi\u00e8ncia de navegaci\u00f3 de l&#8217;usuari. Les galetes personalitzen els serveis que ofereix el lloc web, proporcionant a cada usuari informaci\u00f3 que pot ser del seu inter\u00e8s, basada en l&#8217;\u00fas que fa d&#8217;aquest lloc web. A continuaci\u00f3 trobareu informaci\u00f3 sobre qu\u00e8 s\u00f3n les galetes, quin tipus de galetes utilitza aquest lloc web, com podeu desactivar les galetes al vostre navegador o com desactivar espec\u00edficament la instal\u00b7laci\u00f3 de galetes de tercers i qu\u00e8 passa si les desactiveu.<\/p>\n\n\n\n<p><strong>Qu\u00e8 s\u00f3n les galetes?<\/strong><\/p>\n\n\n\n<p>Les galetes s\u00f3n petits fitxers que algunes plataformes, com ara les p\u00e0gines web, poden instal\u00b7lar al vostre ordinador, tel\u00e8fon intel\u00b7ligent, tauleta o televisor connectat quan hi accediu. Les seves funcions poden ser molt variades: desar les prefer\u00e8ncies de navegaci\u00f3, recopilar informaci\u00f3 estad\u00edstica, permetre determinades funcionalitats t\u00e8cniques, desar i recuperar informaci\u00f3 sobre els h\u00e0bits de navegaci\u00f3 o les prefer\u00e8ncies d&#8217;un usuari o del seu dispositiu, de manera que, en alguns casos, en funci\u00f3 de la informaci\u00f3 que contenen i de la manera com utilitzeu el dispositiu, poden recon\u00e8ixer-lo. Una galeta s&#8217;emmagatzema en un ordinador per personalitzar i facilitar tant com sigui possible l&#8217;experi\u00e8ncia de navegaci\u00f3 de l&#8217;usuari. Les galetes nom\u00e9s s&#8217;associen a un usuari i al seu ordinador i no proporcionen refer\u00e8ncies que permetin deduir les dades personals de l&#8217;usuari. L&#8217;usuari pot configurar el seu navegador perqu\u00e8 l&#8217;avisi o rebutgi la instal\u00b7laci\u00f3 de les galetes enviades pel lloc web.<\/p>\n\n\n\n<p><strong>Per qu\u00e8 s\u00f3n importants?<\/strong><\/p>\n\n\n\n<p>Les galetes s\u00f3n \u00fatils per diversos motius. Des d&#8217;un punt de vista t\u00e8cnic, permeten que les p\u00e0gines web funcionin de manera m\u00e9s fluida i s&#8217;adaptin a les prefer\u00e8ncies de l&#8217;usuari, com ara desar el vostre idioma o la vostra moneda. Tamb\u00e9 ajuden els administradors de llocs web a millorar els serveis que ofereixen, gr\u00e0cies a la informaci\u00f3 estad\u00edstica que recullen. Finalment, serveixen per fer m\u00e9s eficient la publicitat que us mostrem, la qual cosa ens permet oferir-vos serveis gratu\u00efts.<\/p>\n\n\n\n<p>Les galetes es poden classificar en galetes de sessi\u00f3 i galetes permanents, en funci\u00f3 de quant de temps romanen al vostre dispositiu. Les galetes de sessi\u00f3 caduquen quan tanqueu el navegador. Les galetes permanents caduquen quan han complert la seva finalitat o quan s&#8217;eliminen manualment.<\/p>\n\n\n\n<p><strong>Com fem servir les galetes?<\/strong><\/p>\n\n\n\n<p>La navegaci\u00f3 per aquest lloc web implica que es puguin instal\u00b7lar els tipus de galetes seg\u00fcents:<\/p>\n\n\n\n<p><strong>Cookies de millora del rendiment<\/strong><\/p>\n\n\n\n<p>Aquest tipus de cookie emmagatzema les vostres prefer\u00e8ncies per a determinades eines o serveis perqu\u00e8 no h\u00e0giu de reconfigurar-les cada vegada que visiteu el nostre lloc web i, en alguns casos, poden ser proporcionades per tercers. Alguns exemples d&#8217;aquest tipus de cookie s\u00f3n: l&#8217;ajust del volum dels reproductors audiovisuals, les prefer\u00e8ncies per a l&#8217;ordenaci\u00f3 d&#8217;elements o les velocitats de reproducci\u00f3 de v\u00eddeo compatibles. En el cas del comer\u00e7 electr\u00f2nic, permeten desar informaci\u00f3 sobre la vostra cistella de la compra.<\/p>\n\n\n\n<p><strong>Cookies d&#8217;an\u00e0lisi estad\u00edstica<\/strong><\/p>\n\n\n\n<p>S\u00f3n galetes que, processades per nosaltres o per tercers, ens permeten quantificar el nombre d&#8217;usuaris i analitzar estad\u00edsticament com els usuaris utilitzen els nostres serveis. Gr\u00e0cies a aquestes galetes, podem estudiar la navegaci\u00f3 per la nostra p\u00e0gina web i, per tant, millorar els productes o serveis que oferim. Aquestes galetes no estaran associades a cap dada personal que pugui identificar l&#8217;usuari, proporcionant informaci\u00f3 sobre el comportament de navegaci\u00f3 de manera an\u00f2nima.<\/p>\n\n\n\n<p><strong>Cookies de geolocalitzaci\u00f3<\/strong><\/p>\n\n\n\n<p>Aquestes cookies s\u00f3n utilitzades per programes que intenten geolocalitzar la posici\u00f3 del vostre ordinador, tel\u00e8fon intel\u00b7ligent, tauleta o televisi\u00f3 connectada per tal d&#8217;oferir-vos continguts i serveis m\u00e9s adequats de manera totalment an\u00f2nima.<\/p>\n\n\n\n<p><strong>Cookies de registre<\/strong><\/p>\n\n\n\n<p>Quan us registreu al nostre portal, es generen galetes que us identifiquen com a usuari registrat i indiquen quan heu iniciat la sessi\u00f3 al portal. Aquestes galetes s&#8217;utilitzen per identificar el vostre compte d&#8217;usuari i els serveis associats, la qual cosa facilita la vostra navegaci\u00f3. Aquestes galetes romanen fins que tanqueu la sessi\u00f3 del vostre compte, tanqueu el navegador o apagueu el dispositiu. Aquestes galetes es poden utilitzar en combinaci\u00f3 amb dades anal\u00edtiques per identificar individualment les vostres prefer\u00e8ncies al nostre portal.<\/p>\n\n\n\n<p><strong>Cookies publicit\u00e0ries<\/strong><\/p>\n\n\n\n<p>Aquestes cookies, processades per nosaltres o per tercers, ens permeten gestionar efica\u00e7ment els espais publicitaris del nostre lloc web, adaptant el contingut de l&#8217;anunci al contingut del servei sol\u00b7licitat o a la vostra utilitzaci\u00f3 del nostre lloc web. Gr\u00e0cies a aquestes cookies, podem con\u00e8ixer els vostres h\u00e0bits de navegaci\u00f3 a internet i mostrar-vos publicitat relacionada amb el vostre perfil de navegaci\u00f3.<\/p>\n\n\n\n<p><strong>Altres galetes de tercers<\/strong><\/p>\n\n\n\n<p>Algunes de les nostres p\u00e0gines poden instal\u00b7lar galetes de tercers que ens permeten gestionar i millorar els serveis que ofereixen. Un exemple d&#8217;aquest \u00fas s\u00f3n els enlla\u00e7os a xarxes socials que us permeten compartir el nostre contingut.<\/p>\n\n\n\n<p>La nostra empresa utilitza Google Analytics, un servei d&#8217;an\u00e0lisi web prestat per Google, Inc., una empresa de Delaware amb seu social a 1600 Amphitheatre Parkway, Mountain View (Calif\u00f2rnia), CA 94043, Estats Units (&#8220;Google&#8221;). Google Analytics utilitza &#8220;cookies&#8221;, que s\u00f3n fitxers de text que s&#8217;instal\u00b7len al vostre ordinador, per ajudar el lloc web a analitzar com els usuaris utilitzen el lloc. La informaci\u00f3 que generen les cookies sobre l&#8217;\u00fas que feu del lloc web (inclosa la vostra adre\u00e7a IP) ser\u00e0 transmesa a Google i emmagatzemada per aquesta en servidors dels Estats Units. Google utilitzar\u00e0 aquesta informaci\u00f3 en nom nostre amb la finalitat de fer un seguiment de l&#8217;\u00fas que feu del lloc web, elaborar informes sobre l&#8217;activitat del lloc web i oferir altres serveis relacionats amb l&#8217;activitat del lloc web i l&#8217;\u00fas d&#8217;internet. Google tamb\u00e9 pot transferir aquesta informaci\u00f3 a tercers quan ho exigeixi la llei o quan aquests tercers processin la informaci\u00f3 en nom de Google. Google no associar\u00e0 la vostra adre\u00e7a IP amb cap altra dada que tingui Google. Podeu oposar-vos al tractament de dades o informaci\u00f3 rebutjant l&#8217;\u00fas de galetes mitjan\u00e7ant la selecci\u00f3 de la configuraci\u00f3 adequada al vostre navegador. Per a m\u00e9s informaci\u00f3, feu clic al tipus de galetes que utilitza Google.<\/p>\n\n\n\n<p>http:\/\/www.google.com\/policies\/technologies\/types\/<\/p>\n\n\n\n<p><strong>Com puc configurar les meves prefer\u00e8ncies?<\/strong><\/p>\n\n\n\n<p>Podeu permetre, bloquejar o eliminar les galetes instal\u00b7lades al vostre ordinador configurant les opcions del vostre navegador d&#8217;internet.<\/p>\n\n\n\n<p>A continuaci\u00f3, trobareu enlla\u00e7os on podeu obtenir informaci\u00f3 sobre com activar les vostres prefer\u00e8ncies als navegadors principals:<\/p>\n\n\n\n<p>Google Chrome<\/p>\n\n\n\n<p>Mozilla Firefox<\/p>\n\n\n\n<p>Internet Explorer<\/p>\n\n\n\n<p>Safari<\/p>\n\n\n\n<p>Safari per a iOS (iPhone, iPad)<\/p>\n\n\n\n<p>Finalment, podeu visitar el portal Your Online Choices on, a m\u00e9s de trobar informaci\u00f3 \u00fatil, podeu configurar les vostres prefer\u00e8ncies per a les galetes publicit\u00e0ries de tercers per prove\u00efdor.<\/p>\n\n\n\n<p><strong>Qu\u00e8 passa si les galetes estan desactivades?<\/strong><\/p>\n\n\n\n<p>Si bloquegeu o no accepteu la instal\u00b7laci\u00f3 de galetes, \u00e9s possible que es desactivin determinats serveis que ofereix el nostre lloc web i que requereixen el seu \u00fas, i per tant no estiguin disponibles per a v\u00f3s, la qual cosa significa que no podreu aprofitar al m\u00e0xim tot el que els nostres llocs web i aplicacions us ofereixen. Tamb\u00e9 es pot reduir la qualitat del rendiment del lloc web.<\/p>\n\n\n\n<p><strong>Acceptaci\u00f3 de les galetes<\/strong><\/p>\n\n\n\n<p>Si continua navegant despr\u00e9s d&#8217;haver estat informat sobre la nostra Pol\u00edtica de galetes, entendrem que accepta l&#8217;\u00fas de galetes.<\/p>\n\n\n\n<p>La primera vegada que accedeixi a aquest lloc web o aplicaci\u00f3, veur\u00e0 una finestra que l&#8217;informa sobre l&#8217;\u00fas de les galetes i on pot consultar aquesta pol\u00edtica de galetes. Si consentiu l&#8217;\u00fas de les galetes, continueu navegant o feu clic en qualsevol enlla\u00e7, s&#8217;entendr\u00e0 que heu consentit la nostra pol\u00edtica de galetes i, per tant, la instal\u00b7laci\u00f3 de galetes al vostre ordinador o dispositiu.<\/p>\n\n\n\n<p>A m\u00e9s de l&#8217;\u00fas de les nostres pr\u00f2pies galetes, permetem que tercers les configurin i hi accedeixin al vostre ordinador. El consentiment per a l&#8217;\u00fas de les galetes per part d&#8217;aquestes empreses est\u00e0 vinculat a la navegaci\u00f3 per aquest lloc web.<\/p>\n\n\n\n<p><strong>Actualitzacions de la Pol\u00edtica de galetes<\/strong><\/p>\n\n\n\n<p>El nostre portal pot modificar aquesta Pol\u00edtica de galetes d&#8217;acord amb els requisits legislatius o normatius, o per adaptar-la a les instruccions emeses per l&#8217;Ag\u00e8ncia Espanyola de Protecci\u00f3 de Dades, per la qual cosa es recomana als usuaris que la visitin peri\u00f2dicament.<\/p>\n\n\n\n<p><\/p>\n","protected":false},"excerpt":{"rendered":"<p>Aquest lloc web, com la majoria de llocs web d&#8217;Internet, utilitza galetes per millorar l&#8217;experi\u00e8ncia de navegaci\u00f3 de l&#8217;usuari. Les galetes personalitzen els serveis que ofereix el lloc web, proporcionant a cada usuari informaci\u00f3 que pot ser del seu inter\u00e8s, basada en l&#8217;\u00fas que fa d&#8217;aquest lloc web. A continuaci\u00f3 [&hellip;]<\/p>\n","protected":false},"author":3,"featured_media":0,"parent":0,"menu_order":0,"comment_status":"closed","ping_status":"closed","template":"","meta":{"footnotes":""},"class_list":["post-3526","page","type-page","status-publish","hentry"],"_links":{"self":[{"href":"https:\/\/pont-aurell.com\/ca\/wp-json\/wp\/v2\/pages\/3526","targetHints":{"allow":["GET"]}}],"collection":[{"href":"https:\/\/pont-aurell.com\/ca\/wp-json\/wp\/v2\/pages"}],"about":[{"href":"https:\/\/pont-aurell.com\/ca\/wp-json\/wp\/v2\/types\/page"}],"author":[{"embeddable":true,"href":"https:\/\/pont-aurell.com\/ca\/wp-json\/wp\/v2\/users\/3"}],"replies":[{"embeddable":true,"href":"https:\/\/pont-aurell.com\/ca\/wp-json\/wp\/v2\/comments?post=3526"}],"version-history":[{"count":2,"href":"https:\/\/pont-aurell.com\/ca\/wp-json\/wp\/v2\/pages\/3526\/revisions"}],"predecessor-version":[{"id":4067,"href":"https:\/\/pont-aurell.com\/ca\/wp-json\/wp\/v2\/pages\/3526\/revisions\/4067"}],"wp:attachment":[{"href":"https:\/\/pont-aurell.com\/ca\/wp-json\/wp\/v2\/media?parent=3526"}],"curies":[{"name":"wp","href":"https:\/\/api.w.org\/{rel}","templated":true}]}}