{"id":3031,"date":"2025-10-23T10:13:53","date_gmt":"2025-10-23T08:13:53","guid":{"rendered":"https:\/\/pont-aurell.com\/?page_id=3031"},"modified":"2025-10-23T10:13:53","modified_gmt":"2025-10-23T08:13:53","slug":"politica-de-privadesa","status":"publish","type":"page","link":"https:\/\/pont-aurell.com\/ca\/politica-de-privadesa\/","title":{"rendered":"Pol\u00edtica de Privadesa"},"content":{"rendered":"\n<p><strong>Responsable<\/strong><\/p>\n\n\n\n<p>El responsable de les dades de car\u00e0cter personal que ens ha proporcionat \u00e9s PONT AURELL I ARMENGOL, S.L.\u00a0 (Pol.Ind. Can Petit C\/ Font de les canyes, 51 08227 Terrassa)<\/p>\n\n\n\n<p><strong>Finalitat<\/strong><\/p>\n\n\n\n<p>Les dades de car\u00e0cter personal que ens ha proporcionat, necess\u00e0ries per prestar els serveis sol\u00b7licitats, s\u00f3n confidencials i seran utilitzades \u00fanicament per a aquesta finalitat.<\/p>\n\n\n\n<p><strong>Legitimaci\u00f3<\/strong><\/p>\n\n\n\n<p>La legitimaci\u00f3 per al tractament de les vostres dades \u00e9s l&#8217;execuci\u00f3 d&#8217;un contracte o el consentiment de l&#8217;interessat, amb base legal reglamentada segons el Codi de Comer\u00e7 i lleis Complement\u00e0ries aix\u00ed com aquelles lleis espec\u00edfiques que puguin afectar l&#8217;activitat en concret.<\/p>\n\n\n\n<p><strong>Drets<\/strong><\/p>\n\n\n\n<p>Per exercir els vostres drets d&#8217;acc\u00e9s, rectificaci\u00f3, cancel\u00b7laci\u00f3, oposici\u00f3, dret a la transpar\u00e8ncia de la informaci\u00f3, dret de supressi\u00f3, de limitaci\u00f3 i de portabilitat podeu adre\u00e7ar-vos a PONT AURELL I ARMENGOL, S.L.\u00a0 (Pol.Ind. Can Petit C\/ Font de les canyes, 51 08227 Terrassa) Paral\u00b7lelament, us informem que teniu dret a dirigir les vostres reclamacions davant les Autoritats de control de protecci\u00f3 de dades.<\/p>\n\n\n\n<p><strong>Informaci\u00f3 addicional<\/strong><\/p>\n\n\n\n<p>PONT AURELL I ARMENGOL, S.L. es compromet a no utilitzar deslleialment la informaci\u00f3 i les dades personals subministrades per vost\u00e8, aix\u00ed com mantenir la confidencialitat dels mateixos en totes les aplicacions que aquests requereixin.<\/p>\n\n\n\n<p>Les vostres dades seran conservades mentre es mantingui la nostra relaci\u00f3 comercial o durant els anys necessaris per complir les obligacions legals.<\/p>\n\n\n\n<p>PONT AURELL I ARMENGOL, S.L. t\u00e9 implantat, en relaci\u00f3 amb els documents i tractament de dades, les corresponents mesures i documents de seguretat que la normativa legal vigent requereix.<\/p>\n\n\n\n<p><\/p>\n","protected":false},"excerpt":{"rendered":"<p>Responsable El responsable de les dades de car\u00e0cter personal que ens ha proporcionat \u00e9s PONT AURELL I ARMENGOL, S.L.\u00a0 (Pol.Ind. Can Petit C\/ Font de les canyes, 51 08227 Terrassa) Finalitat Les dades de car\u00e0cter personal que ens ha proporcionat, necess\u00e0ries per prestar els serveis sol\u00b7licitats, s\u00f3n confidencials i seran [&hellip;]<\/p>\n","protected":false},"author":3,"featured_media":3033,"parent":0,"menu_order":0,"comment_status":"closed","ping_status":"closed","template":"","meta":{"footnotes":""},"class_list":["post-3031","page","type-page","status-publish","has-post-thumbnail","hentry"],"_links":{"self":[{"href":"https:\/\/pont-aurell.com\/ca\/wp-json\/wp\/v2\/pages\/3031","targetHints":{"allow":["GET"]}}],"collection":[{"href":"https:\/\/pont-aurell.com\/ca\/wp-json\/wp\/v2\/pages"}],"about":[{"href":"https:\/\/pont-aurell.com\/ca\/wp-json\/wp\/v2\/types\/page"}],"author":[{"embeddable":true,"href":"https:\/\/pont-aurell.com\/ca\/wp-json\/wp\/v2\/users\/3"}],"replies":[{"embeddable":true,"href":"https:\/\/pont-aurell.com\/ca\/wp-json\/wp\/v2\/comments?post=3031"}],"version-history":[{"count":1,"href":"https:\/\/pont-aurell.com\/ca\/wp-json\/wp\/v2\/pages\/3031\/revisions"}],"predecessor-version":[{"id":3032,"href":"https:\/\/pont-aurell.com\/ca\/wp-json\/wp\/v2\/pages\/3031\/revisions\/3032"}],"wp:featuredmedia":[{"embeddable":true,"href":"https:\/\/pont-aurell.com\/ca\/wp-json\/wp\/v2\/media\/3033"}],"wp:attachment":[{"href":"https:\/\/pont-aurell.com\/ca\/wp-json\/wp\/v2\/media?parent=3031"}],"curies":[{"name":"wp","href":"https:\/\/api.w.org\/{rel}","templated":true}]}}