{"id":3024,"date":"2025-10-23T10:12:24","date_gmt":"2025-10-23T08:12:24","guid":{"rendered":"https:\/\/pont-aurell.com\/?page_id=3024"},"modified":"2025-10-23T10:12:24","modified_gmt":"2025-10-23T08:12:24","slug":"instal%c2%b7lacions","status":"publish","type":"page","link":"https:\/\/pont-aurell.com\/ca\/instal%c2%b7lacions\/","title":{"rendered":"INSTAL\u00b7LACIONS"},"content":{"rendered":"\n<h2 class=\"wp-block-heading has-text-align-center\">LES NOSTRES INSTAL\u00b7LACIONS<\/h2>\n\n\n\n<p>El mercat de Pont, Aurell i Armengol se centra a tot Europa i ocasionalment a \u00c0sia i Sud-am\u00e8rica. Els clients de lempresa s\u00f3n els prove\u00efdors de primer nivell dels constructors dautom\u00f2bils.<\/p>\n\n\n\n<p>Les instal\u00b7lacions de Pont, Aurell i Armengol, Inaugurades el mar\u00e7 de 2002, compten amb una superf\u00edcie edificada en planta de 14.000 m2 sobre un terreny de 21.000 m2. Amb aquesta nova planta industrial, l&#8217;empresa augmenta la capacitat de producci\u00f3 fins als 23.000.000 m2\/any.<\/p>\n\n\n\n<figure class=\"wp-block-image size-full is-resized\"><img loading=\"lazy\" decoding=\"async\" width=\"370\" height=\"215\" src=\"https:\/\/pont-aurell.com\/wp-content\/uploads\/2025\/10\/image-14.png\" alt=\"\" class=\"wp-image-3025\" style=\"width:630px;height:auto\" srcset=\"https:\/\/pont-aurell.com\/wp-content\/uploads\/2025\/10\/image-14.png 370w, https:\/\/pont-aurell.com\/wp-content\/uploads\/2025\/10\/image-14-300x174.png 300w\" sizes=\"auto, (max-width: 370px) 100vw, 370px\" \/><figcaption class=\"wp-element-caption\">Des d&#8217;abril del 2005 Pont, Aurell i Armengol compten amb una planta de producci\u00f3 a la Rep\u00fablica Txeca, a Sezimovo \u00dasti. Aix\u00f2 afegeix una capacitat de producci\u00f3 de 7.000.000m2\/any. Obrint aix\u00ed la possibilitat de subministrar directament al creixent mercat d&#8217;Europa Central i de l&#8217;Est.<br>El desembre del 2014, el grup continua creixent amb l&#8217;obertura d&#8217;una nova planta de producci\u00f3 al Marroc, a la Zona Franca de T\u00e0nger, per cobrir les necessitats del mercat d&#8217;\u00c0frica del Nord, afegint aix\u00ed una capacitat addicional de 5.000.000m2\/any al grup.<br>En un afany de continuar creixent i consolidant-se com a grup, Pont Aurell i Armengol obre finalment l&#8217;any 2016 una quarta planta a Aguascalientes, M\u00e8xic amb una capacitat productiva de 6.000.000m2\/any, permetent al grup obrir-se al mercat automobil\u00edstic de la zona NAFTA.<br>En total, les obertures d&#8217;aquestes plantes permeten al grup consolidar una capacitat total de 41.000.000m2\/any.<br>Pel desenvolupament de les activitats es compta amb un equip hum\u00e0 altament qualificat, motivat i comprom\u00e8s amb el projecte empresarial.<\/figcaption><\/figure>\n","protected":false},"excerpt":{"rendered":"<p>LES NOSTRES INSTAL\u00b7LACIONS El mercat de Pont, Aurell i Armengol se centra a tot Europa i ocasionalment a \u00c0sia i Sud-am\u00e8rica. Els clients de lempresa s\u00f3n els prove\u00efdors de primer nivell dels constructors dautom\u00f2bils. Les instal\u00b7lacions de Pont, Aurell i Armengol, Inaugurades el mar\u00e7 de 2002, compten amb una superf\u00edcie [&hellip;]<\/p>\n","protected":false},"author":3,"featured_media":3030,"parent":0,"menu_order":0,"comment_status":"closed","ping_status":"closed","template":"","meta":{"footnotes":""},"class_list":["post-3024","page","type-page","status-publish","has-post-thumbnail","hentry"],"_links":{"self":[{"href":"https:\/\/pont-aurell.com\/ca\/wp-json\/wp\/v2\/pages\/3024","targetHints":{"allow":["GET"]}}],"collection":[{"href":"https:\/\/pont-aurell.com\/ca\/wp-json\/wp\/v2\/pages"}],"about":[{"href":"https:\/\/pont-aurell.com\/ca\/wp-json\/wp\/v2\/types\/page"}],"author":[{"embeddable":true,"href":"https:\/\/pont-aurell.com\/ca\/wp-json\/wp\/v2\/users\/3"}],"replies":[{"embeddable":true,"href":"https:\/\/pont-aurell.com\/ca\/wp-json\/wp\/v2\/comments?post=3024"}],"version-history":[{"count":1,"href":"https:\/\/pont-aurell.com\/ca\/wp-json\/wp\/v2\/pages\/3024\/revisions"}],"predecessor-version":[{"id":3029,"href":"https:\/\/pont-aurell.com\/ca\/wp-json\/wp\/v2\/pages\/3024\/revisions\/3029"}],"wp:featuredmedia":[{"embeddable":true,"href":"https:\/\/pont-aurell.com\/ca\/wp-json\/wp\/v2\/media\/3030"}],"wp:attachment":[{"href":"https:\/\/pont-aurell.com\/ca\/wp-json\/wp\/v2\/media?parent=3024"}],"curies":[{"name":"wp","href":"https:\/\/api.w.org\/{rel}","templated":true}]}}