{"id":2945,"date":"2025-10-23T10:15:49","date_gmt":"2025-10-23T08:15:49","guid":{"rendered":"https:\/\/pont-aurell.com\/?page_id=2945"},"modified":"2025-10-23T10:15:49","modified_gmt":"2025-10-23T08:15:49","slug":"tecnologia","status":"publish","type":"page","link":"https:\/\/pont-aurell.com\/ca\/tecnologia\/","title":{"rendered":"TECNOLOGIA"},"content":{"rendered":"\n<h2 class=\"wp-block-heading has-text-align-center\">LA NOSTRA ACTIVITAT<\/h2>\n\n\n\n<div style=\"height:32px\" aria-hidden=\"true\" class=\"wp-block-spacer\"><\/div>\n\n\n\n<figure class=\"wp-block-image size-full\"><img loading=\"lazy\" decoding=\"async\" width=\"1024\" height=\"768\" src=\"https:\/\/pont-aurell.com\/wp-content\/uploads\/2025\/10\/image-10.png\" alt=\"\" class=\"wp-image-2946\" srcset=\"https:\/\/pont-aurell.com\/wp-content\/uploads\/2025\/10\/image-10.png 1024w, https:\/\/pont-aurell.com\/wp-content\/uploads\/2025\/10\/image-10-300x225.png 300w, https:\/\/pont-aurell.com\/wp-content\/uploads\/2025\/10\/image-10-768x576.png 768w\" sizes=\"auto, (max-width: 1024px) 100vw, 1024px\" \/><figcaption class=\"wp-element-caption\">PAA desenvolupa la seva activitat amb l\u00ednies de producci\u00f3 de feltres no teixits punxonats, dissenyades per fabricar productes de diferent gamma, principalment per al sector d&#8217;automoci\u00f3.\u00a0 Les diferents unitats de producci\u00f3 permeten a PAA consolidar una capacitat total anual de m\u00e9s de 40 milions de m2.<\/figcaption><\/figure>\n\n\n\n<p><\/p>\n\n\n\n<p><\/p>\n\n\n\n<figure class=\"wp-block-image size-full\"><img loading=\"lazy\" decoding=\"async\" width=\"1024\" height=\"679\" src=\"https:\/\/pont-aurell.com\/wp-content\/uploads\/2025\/10\/image-11.png\" alt=\"\" class=\"wp-image-2950\" srcset=\"https:\/\/pont-aurell.com\/wp-content\/uploads\/2025\/10\/image-11.png 1024w, https:\/\/pont-aurell.com\/wp-content\/uploads\/2025\/10\/image-11-300x199.png 300w, https:\/\/pont-aurell.com\/wp-content\/uploads\/2025\/10\/image-11-768x509.png 768w, https:\/\/pont-aurell.com\/wp-content\/uploads\/2025\/10\/image-11-360x240.png 360w\" sizes=\"auto, (max-width: 1024px) 100vw, 1024px\" \/><figcaption class=\"wp-element-caption\">La diversitat d&#8217;acabats que ofereixen els seus equipaments dota l&#8217;empresa d&#8217;una alta competitivitat, que juntament amb els elevats \u00edndexs de qualitat la posiciona com a referent al mercat actual.<\/figcaption><\/figure>\n\n\n\n<p><\/p>\n\n\n\n<p><\/p>\n\n\n\n<figure class=\"wp-block-image size-full\"><img loading=\"lazy\" decoding=\"async\" width=\"1024\" height=\"768\" src=\"https:\/\/pont-aurell.com\/wp-content\/uploads\/2025\/10\/image-12.png\" alt=\"\" class=\"wp-image-2954\" srcset=\"https:\/\/pont-aurell.com\/wp-content\/uploads\/2025\/10\/image-12.png 1024w, https:\/\/pont-aurell.com\/wp-content\/uploads\/2025\/10\/image-12-300x225.png 300w, https:\/\/pont-aurell.com\/wp-content\/uploads\/2025\/10\/image-12-768x576.png 768w\" sizes=\"auto, (max-width: 1024px) 100vw, 1024px\" \/><figcaption class=\"wp-element-caption\">Pel desenvolupament de les activitats, PAA compta amb un equip hum\u00e0 altament qualificat, motivat i comprom\u00e8s amb el projecte empresarial.<\/figcaption><\/figure>\n\n\n\n<div style=\"height:43px\" aria-hidden=\"true\" class=\"wp-block-spacer\"><\/div>\n\n\n\n<figure class=\"wp-block-image size-full\"><img loading=\"lazy\" decoding=\"async\" width=\"1024\" height=\"768\" src=\"https:\/\/pont-aurell.com\/wp-content\/uploads\/2025\/10\/image-13.png\" alt=\"\" class=\"wp-image-2958\" srcset=\"https:\/\/pont-aurell.com\/wp-content\/uploads\/2025\/10\/image-13.png 1024w, https:\/\/pont-aurell.com\/wp-content\/uploads\/2025\/10\/image-13-300x225.png 300w, https:\/\/pont-aurell.com\/wp-content\/uploads\/2025\/10\/image-13-768x576.png 768w\" sizes=\"auto, (max-width: 1024px) 100vw, 1024px\" \/><figcaption class=\"wp-element-caption\">Els productes elaborats a PAA s\u00f3n sotmesos a estrictes controls per assegurar la qualitat desitjada pels seus clients, dotant-se amb els equips m\u00e9s avan\u00e7ats i adaptant-se constantment a la cultura de la millora cont\u00ednua.<\/figcaption><\/figure>\n\n\n\n<div style=\"height:71px\" aria-hidden=\"true\" class=\"wp-block-spacer\"><\/div>\n","protected":false},"excerpt":{"rendered":"<p>LA NOSTRA ACTIVITAT<\/p>\n","protected":false},"author":3,"featured_media":2963,"parent":0,"menu_order":0,"comment_status":"closed","ping_status":"closed","template":"","meta":{"footnotes":""},"class_list":["post-2945","page","type-page","status-publish","has-post-thumbnail","hentry"],"_links":{"self":[{"href":"https:\/\/pont-aurell.com\/ca\/wp-json\/wp\/v2\/pages\/2945","targetHints":{"allow":["GET"]}}],"collection":[{"href":"https:\/\/pont-aurell.com\/ca\/wp-json\/wp\/v2\/pages"}],"about":[{"href":"https:\/\/pont-aurell.com\/ca\/wp-json\/wp\/v2\/types\/page"}],"author":[{"embeddable":true,"href":"https:\/\/pont-aurell.com\/ca\/wp-json\/wp\/v2\/users\/3"}],"replies":[{"embeddable":true,"href":"https:\/\/pont-aurell.com\/ca\/wp-json\/wp\/v2\/comments?post=2945"}],"version-history":[{"count":1,"href":"https:\/\/pont-aurell.com\/ca\/wp-json\/wp\/v2\/pages\/2945\/revisions"}],"predecessor-version":[{"id":2962,"href":"https:\/\/pont-aurell.com\/ca\/wp-json\/wp\/v2\/pages\/2945\/revisions\/2962"}],"wp:featuredmedia":[{"embeddable":true,"href":"https:\/\/pont-aurell.com\/ca\/wp-json\/wp\/v2\/media\/2963"}],"wp:attachment":[{"href":"https:\/\/pont-aurell.com\/ca\/wp-json\/wp\/v2\/media?parent=2945"}],"curies":[{"name":"wp","href":"https:\/\/api.w.org\/{rel}","templated":true}]}}