{"id":2927,"date":"2025-10-23T10:11:55","date_gmt":"2025-10-23T08:11:55","guid":{"rendered":"http:\/\/pont-aurell.com\/?page_id=2927"},"modified":"2025-10-29T10:15:30","modified_gmt":"2025-10-29T08:15:30","slug":"historia","status":"publish","type":"page","link":"https:\/\/pont-aurell.com\/ca\/historia\/","title":{"rendered":"HIST\u00d2RIA"},"content":{"rendered":"\n<h2 class=\"wp-block-heading\"><\/h2>\n\n\n\n<figure class=\"wp-block-image size-full\"><img loading=\"lazy\" decoding=\"async\" width=\"1024\" height=\"768\" src=\"http:\/\/pont-aurell.com\/wp-content\/uploads\/2025\/10\/image-7.png\" alt=\"\" class=\"wp-image-2928\" srcset=\"https:\/\/pont-aurell.com\/wp-content\/uploads\/2025\/10\/image-7.png 1024w, https:\/\/pont-aurell.com\/wp-content\/uploads\/2025\/10\/image-7-300x225.png 300w, https:\/\/pont-aurell.com\/wp-content\/uploads\/2025\/10\/image-7-768x576.png 768w\" sizes=\"auto, (max-width: 1024px) 100vw, 1024px\" \/><figcaption class=\"wp-element-caption\">Els or\u00edgens de Pont, Aurell i Armengol es remunten a l&#8217;any 1875, quan l&#8217;empresa basava la seva activitat en la fabricaci\u00f3 d&#8217;articles de t\u00e8xtil convencional, evolucionant als teixits per a cal\u00e7at i, finalment, orientar la seva activitat cap a la ind\u00fastria de l&#8217;autom\u00f2bil.<\/figcaption><\/figure>\n\n\n\n<div style=\"height:56px\" aria-hidden=\"true\" class=\"wp-block-spacer\"><\/div>\n\n\n\n<figure class=\"wp-block-image size-full\"><img loading=\"lazy\" decoding=\"async\" width=\"1024\" height=\"683\" src=\"http:\/\/pont-aurell.com\/wp-content\/uploads\/2025\/10\/image-8.png\" alt=\"\" class=\"wp-image-2932\" srcset=\"https:\/\/pont-aurell.com\/wp-content\/uploads\/2025\/10\/image-8.png 1024w, https:\/\/pont-aurell.com\/wp-content\/uploads\/2025\/10\/image-8-300x200.png 300w, https:\/\/pont-aurell.com\/wp-content\/uploads\/2025\/10\/image-8-768x512.png 768w, https:\/\/pont-aurell.com\/wp-content\/uploads\/2025\/10\/image-8-360x240.png 360w\" sizes=\"auto, (max-width: 1024px) 100vw, 1024px\" \/><figcaption class=\"wp-element-caption\">La llarga hist\u00f2ria de PAA combinada amb el coneixement tecnol\u00f2gic profund de tot el proc\u00e9s t\u00e8xtil, permet posicionar l&#8217;empresa com un col\u00b7laborador ideal per als seus Clients des del desenvolupament del producte fins al seu lliurament.<\/figcaption><\/figure>\n\n\n\n<figure class=\"wp-block-image size-full\"><img loading=\"lazy\" decoding=\"async\" width=\"1024\" height=\"424\" src=\"http:\/\/pont-aurell.com\/wp-content\/uploads\/2025\/10\/image-9.png\" alt=\"\" class=\"wp-image-2936\" srcset=\"https:\/\/pont-aurell.com\/wp-content\/uploads\/2025\/10\/image-9.png 1024w, https:\/\/pont-aurell.com\/wp-content\/uploads\/2025\/10\/image-9-300x124.png 300w, https:\/\/pont-aurell.com\/wp-content\/uploads\/2025\/10\/image-9-768x318.png 768w\" sizes=\"auto, (max-width: 1024px) 100vw, 1024px\" \/><\/figure>\n\n\n\n<div class=\"wp-block-buttons is-layout-flex wp-block-buttons-is-layout-flex\">\n<div class=\"wp-block-button\"><a class=\"wp-block-button__link wp-element-button\" href=\"https:\/\/pont-aurell.com\/ca\/paa-es-sede\/\">Veure Plantes<\/a><\/div>\n\n\n\n<div class=\"wp-block-button\"><a class=\"wp-block-button__link wp-element-button\" href=\"https:\/\/pont-aurell.com\/ca\/productes\/\">Veure Productes<\/a><\/div>\n<\/div>\n\n\n\n<div style=\"height:58px\" aria-hidden=\"true\" class=\"wp-block-spacer\"><\/div>\n","protected":false},"excerpt":{"rendered":"","protected":false},"author":3,"featured_media":2941,"parent":0,"menu_order":0,"comment_status":"closed","ping_status":"closed","template":"","meta":{"footnotes":""},"class_list":["post-2927","page","type-page","status-publish","has-post-thumbnail","hentry"],"_links":{"self":[{"href":"https:\/\/pont-aurell.com\/ca\/wp-json\/wp\/v2\/pages\/2927","targetHints":{"allow":["GET"]}}],"collection":[{"href":"https:\/\/pont-aurell.com\/ca\/wp-json\/wp\/v2\/pages"}],"about":[{"href":"https:\/\/pont-aurell.com\/ca\/wp-json\/wp\/v2\/types\/page"}],"author":[{"embeddable":true,"href":"https:\/\/pont-aurell.com\/ca\/wp-json\/wp\/v2\/users\/3"}],"replies":[{"embeddable":true,"href":"https:\/\/pont-aurell.com\/ca\/wp-json\/wp\/v2\/comments?post=2927"}],"version-history":[{"count":8,"href":"https:\/\/pont-aurell.com\/ca\/wp-json\/wp\/v2\/pages\/2927\/revisions"}],"predecessor-version":[{"id":3163,"href":"https:\/\/pont-aurell.com\/ca\/wp-json\/wp\/v2\/pages\/2927\/revisions\/3163"}],"wp:featuredmedia":[{"embeddable":true,"href":"https:\/\/pont-aurell.com\/ca\/wp-json\/wp\/v2\/media\/2941"}],"wp:attachment":[{"href":"https:\/\/pont-aurell.com\/ca\/wp-json\/wp\/v2\/media?parent=2927"}],"curies":[{"name":"wp","href":"https:\/\/api.w.org\/{rel}","templated":true}]}}